{"id":3820,"date":"2022-01-25T17:27:11","date_gmt":"2022-01-25T16:27:11","guid":{"rendered":"https:\/\/somoslegales.es\/avis-legal\/"},"modified":"2022-02-05T20:25:49","modified_gmt":"2022-02-05T19:25:49","slug":"avis-legal","status":"publish","type":"page","link":"https:\/\/somoslegales.es\/ca\/avis-legal\/","title":{"rendered":"Av\u00eds legal"},"content":{"rendered":"\t\t<div data-elementor-type=\"wp-page\" data-elementor-id=\"3820\" class=\"elementor elementor-3820 elementor-2662\" data-elementor-post-type=\"page\">\n\t\t\t\t\t\t<section class=\"elementor-section elementor-top-section elementor-element elementor-element-46d5b1f2 elementor-section-boxed elementor-section-height-default elementor-section-height-default\" data-id=\"46d5b1f2\" data-element_type=\"section\" data-settings=\"{&quot;jet_parallax_layout_list&quot;:[{&quot;_id&quot;:&quot;a6e1694&quot;,&quot;jet_parallax_layout_image&quot;:{&quot;url&quot;:&quot;&quot;,&quot;id&quot;:&quot;&quot;,&quot;size&quot;:&quot;&quot;},&quot;jet_parallax_layout_image_tablet&quot;:{&quot;url&quot;:&quot;&quot;,&quot;id&quot;:&quot;&quot;,&quot;size&quot;:&quot;&quot;},&quot;jet_parallax_layout_image_mobile&quot;:{&quot;url&quot;:&quot;&quot;,&quot;id&quot;:&quot;&quot;,&quot;size&quot;:&quot;&quot;},&quot;jet_parallax_layout_speed&quot;:{&quot;unit&quot;:&quot;%&quot;,&quot;size&quot;:50,&quot;sizes&quot;:[]},&quot;jet_parallax_layout_type&quot;:&quot;scroll&quot;,&quot;jet_parallax_layout_direction&quot;:null,&quot;jet_parallax_layout_fx_direction&quot;:null,&quot;jet_parallax_layout_z_index&quot;:&quot;&quot;,&quot;jet_parallax_layout_bg_x&quot;:50,&quot;jet_parallax_layout_bg_x_tablet&quot;:&quot;&quot;,&quot;jet_parallax_layout_bg_x_mobile&quot;:&quot;&quot;,&quot;jet_parallax_layout_bg_y&quot;:50,&quot;jet_parallax_layout_bg_y_tablet&quot;:&quot;&quot;,&quot;jet_parallax_layout_bg_y_mobile&quot;:&quot;&quot;,&quot;jet_parallax_layout_bg_size&quot;:&quot;auto&quot;,&quot;jet_parallax_layout_bg_size_tablet&quot;:&quot;&quot;,&quot;jet_parallax_layout_bg_size_mobile&quot;:&quot;&quot;,&quot;jet_parallax_layout_animation_prop&quot;:&quot;transform&quot;,&quot;jet_parallax_layout_on&quot;:[&quot;desktop&quot;,&quot;tablet&quot;]}]}\">\n\t\t\t\t\t\t<div class=\"elementor-container elementor-column-gap-default\">\n\t\t\t\t\t<div class=\"elementor-column elementor-col-100 elementor-top-column elementor-element elementor-element-143a00c4\" data-id=\"143a00c4\" data-element_type=\"column\">\n\t\t\t<div class=\"elementor-widget-wrap elementor-element-populated\">\n\t\t\t\t\t\t<div class=\"elementor-element elementor-element-3e1ee729 elementor-widget elementor-widget-text-editor\" data-id=\"3e1ee729\" data-element_type=\"widget\" data-widget_type=\"text-editor.default\">\n\t\t\t\t<div class=\"elementor-widget-container\">\n\t\t\t\t\t\t\t<p><strong>\u00a0<\/strong><\/p>\n<h1><strong>Av\u00eds legal<\/strong><\/h1>\n<p><strong>\u00a0<\/strong><\/p>\n<p><strong>CONDICIONS GENERALS D&#8217;\u00daS DEL LLOC WEB<\/strong><\/p>\n<p><strong>www.somoslegales.es<\/strong><\/p>\n<p>Aquesta p\u00e0gina web \u00e9s propietat del senyor Rub\u00e9n D\u00edaz D\u00edaz, Registre d\u2019Agents Immobiliaris de Catalunya (AICAT) n\u00fam. 10721, NIF 45638618V, administrador de la marca comercial registrada a l&#8217;Oficina Espanyola de Patents i Marques \u201cSomos Legales\u201d, amb domicili al C\/ Aribau, 161 baixos, C.P. 08036 de Barcelona (Barcelona), i correu electr\u00f2nic info@somoslegales.es (d&#8217;ara endavant EL PROPIETARI). Es posa a la disposici\u00f3 dels usuaris continguts de car\u00e0cter informatiu sobre les seves activitats. Les presents condicions generals regeixen \u00fanica i exclusivament l&#8217;\u00fas del lloc web del PROPIETARI per part dels USUARIS que hi accedeixin. Aquestes condicions generals s&#8217;exposen a l&#8217;USUARI\/A al lloc web www.somoslegales.es a totes i cadascuna de les p\u00e0gines, perqu\u00e8 les pugui llegir, imprimir, arxivar i acceptar a trav\u00e9s d&#8217;internet i es trobi plenament informat\/da. L&#8217;acc\u00e9s al lloc web del PROPIETARI implica sense reserves l&#8217;acceptaci\u00f3 de les presents condicions generals d&#8217;\u00fas que l&#8217;USUARI\/A afirma comprendre totalment. L&#8217;USUARI\/A es compromet a no utilitzar el lloc web i els serveis que s&#8217;hi ofereixen per a la realitzaci\u00f3 d&#8217;activitats contr\u00e0ries a la Llei i a respectar en tot moment les presents condicions generals.<\/p>\n<p><strong>PRIMERA.- CONDICIONS D&#8217;ACC\u00c9S I \u00daS<\/strong><\/p>\n<p><strong>1.1.-<\/strong> La utilitzaci\u00f3 del lloc web del PROPIETARI, no comporta l&#8217;obligatorietat d&#8217;inscripci\u00f3 de l&#8217;USUARI\/A. Les condicions d&#8217;acc\u00e9s i \u00fas del present lloc web es regeixen estrictament per la legalitat vigent i pel principi de bona fe i l&#8217;USUARI\/A es compromet a fer un bon \u00fas del web. Queden prohibits tots els actes que vulnerin la legalitat, drets o interessos de tercers: dret a la intimitat, protecci\u00f3 de dades, propietat intel\u00b7lectual, etc. Expressament EL PROPIETARI prohibeix els seg\u00fcents:<\/p>\n<p><strong>1.1.1.-<\/strong> Realitzar accions que puguin produir al lloc web o a trav\u00e9s d&#8217;aquest per qualsevol mitj\u00e0 qualsevol tipus de dany als sistemes del PROPIETARI o a tercers.<\/p>\n<p><strong>1.1.2.-<\/strong> Realitzar sense la deguda autoritzaci\u00f3 qualsevol tipus de publicitat o informaci\u00f3 comercial directament o de forma encoberta, l&#8217;enviament de correus massius (\u201cspaming\u201d) o enviament de grans missatges per tal de bloquejar servidors de la xarxa (\u201cmail bombing\u201d).<\/p>\n<p><strong>1.2.-<\/strong> EL PROPIETARI podr\u00e0 interrompre en qualsevol moment l&#8217;acc\u00e9s al seu lloc web si detecta un \u00fas contrari a la legalitat, la bona fe o a les presents condicions generals. Veure cl\u00e0usula cinquena.<\/p>\n<p><strong>SEGONA.- CONTINGUTS.-<\/strong> Els continguts incorporats en aquest lloc web han estat elaborats i inclosos per:<\/p>\n<p><strong>2.1.-<\/strong> EL PROPIETARI utilitzant fonts internes i externes de tal manera que EL PROPIETARI \u00fanicament es fa responsable pels continguts elaborats de forma interna.<\/p>\n<p><strong>2.2.-<\/strong> EL PROPIETARI es reserva el dret de modificar en qualsevol moment els continguts existents al seu lloc web. EL PROPIETARI no assegura ni es responsabilitza del correcte funcionament dels enlla\u00e7os a llocs web de tercers que figurin a www.somoslegales.es. A m\u00e9s, a trav\u00e9s del lloc web del PROPIETARI, es posa a disposici\u00f3 de l&#8217;usuari serveis gratu\u00efts i de pagament oferts per tercers aliens i que es regiran per les condicions particulars de cadascun. EL PROPIETARI no garanteix la veracitat, exactitud o actualitat dels continguts i serveis oferts per tercers i queda expressament exempt de tota mena de responsabilitat pels danys i perjudicis que puguin derivar-se de la manca d&#8217;exactitud d&#8217;aquests continguts i serveis.<\/p>\n<p><strong>TERCERA.- RESPONSABILITAT<\/strong><\/p>\n<p><strong>3.1.-<\/strong> EL PROPIETARI en cap cas ser\u00e0 responsable de:<\/p>\n<p><strong>3.1.1.-<\/strong> Les fallades i incid\u00e8ncies que es puguin produir en les comunicacions, esborrament o transmissions incompletes de manera que no es garanteix que els serveis del lloc web estiguin constantment operatius.<\/p>\n<p><strong>3.1.2.-<\/strong> De la producci\u00f3 de qualsevol tipus de dany que els USUARIS o tercers poguessin ocasionar al lloc web.<\/p>\n<p><strong>3.1.3.-<\/strong> De la fiabilitat i veracitat de les informacions introdu\u00efdes per tercers al lloc web, b\u00e9 directament, b\u00e9 a trav\u00e9s d&#8217;enlla\u00e7os o links. El propietari col\u00b7laborar\u00e0 i notificar\u00e0 a l&#8217;autoritat competent aquestes incid\u00e8ncies en el moment en qu\u00e8 tingui coneixement fefaent que els danys ocasionats constitueixin qualsevol tipus d&#8217;activitat il\u00b7l\u00edcita.<\/p>\n<p><strong>3.2.-<\/strong> EL PROPIETARI es reserva el dret a suspendre l&#8217;acc\u00e9s sense av\u00eds previ de forma discrecional i amb car\u00e0cter definitiu o temporal fins a l&#8217;assegurament de la responsabilitat efectiva dels danys que es puguin produir. Aix\u00ed mateix, el propietari col\u00b7laborar\u00e0 i notificar\u00e0 a l&#8217;autoritat competent aquestes incid\u00e8ncies en el moment en qu\u00e8 tingui coneixement fefaent que els danys ocasionats constitueixin qualsevol tipus d&#8217;activitat il\u00b7l\u00edcita.<\/p>\n<p><strong>QUARTA.- DRETS D&#8217;AUTOR I MARCA.- <\/strong>El lloc web del PROPIETARI, els continguts propis, la programaci\u00f3 i el disseny del lloc web, es troba plenament protegit pels drets d&#8217;autor, quedant expressament prohibida tota reproducci\u00f3, comunicaci\u00f3, distribuci\u00f3 i transformaci\u00f3 dels referits elements protegits llevat del consentiment expr\u00e9s per escrit del PROPIETARI. Els materials tant gr\u00e0fics com escrits enviats pels usuaris a trav\u00e9s dels mitjans que es posen a la vostra disposici\u00f3 al lloc web s\u00f3n propietat de l&#8217;usuari\/\u00e0ria que afirma en enviar-los la seva leg\u00edtima autoria i cedeix els drets de reproducci\u00f3 i distribuci\u00f3 al PROPIETARI.<\/p>\n<p><strong>CINQUENA.- JURISDICCI\u00d3 I LLEI APLICABLE.-<\/strong> Aquestes condicions generals es regeixen per la legislaci\u00f3 espanyola. S\u00f3n competents per resoldre tota controv\u00e8rsia o conflicte que es derivi de les presents condicions generals, renunciant expressament l&#8217;USUARI\/A a qualsevol altre fur que li pugui correspondre.<\/p>\n<p><strong>SISENA.-<\/strong> En cas que qualsevol cl\u00e0usula del present document sigui declarada nul\u00b7la, les altres cl\u00e0usules seguiran vigents i s&#8217;interpretaran tenint en compte la voluntat de les parts i la finalitat mateixa de les presents condicions. El PROPIETARI podr\u00e0 no exercitar algun dels drets i facultats conferits en aquest document, cosa que no implicar\u00e0 en cap cas la ren\u00fancia als mateixos llevat de reconeixement expr\u00e9s per part del PROPIETARI.<\/p>\n<p>&nbsp;<\/p>\n\t\t\t\t\t\t<\/div>\n\t\t\t\t<\/div>\n\t\t\t\t\t<\/div>\n\t\t<\/div>\n\t\t\t\t\t<\/div>\n\t\t<\/section>\n\t\t\t\t<\/div>\n\t\t","protected":false},"excerpt":{"rendered":"<p>\u00a0 Av\u00eds legal \u00a0 CONDICIONS GENERALS D&#8217;\u00daS DEL LLOC WEB www.somoslegales.es Aquesta p\u00e0gina web \u00e9s propietat del senyor Rub\u00e9n D\u00edaz D\u00edaz, Registre d\u2019Agents Immobiliaris de Catalunya (AICAT) n\u00fam. 10721, NIF 45638618V, administrador de la marca comercial registrada a l&#8217;Oficina Espanyola de Patents i Marques \u201cSomos Legales\u201d, amb domicili al C\/ Aribau, 161 baixos, C.P. 08036 &#8230; <a title=\"Av\u00eds legal\" class=\"read-more\" href=\"https:\/\/somoslegales.es\/ca\/avis-legal\/\" aria-label=\"M\u00e9s sobre Av\u00eds legal\">Llegiu m\u00e9s<\/a><\/p>\n","protected":false},"author":1,"featured_media":0,"parent":0,"menu_order":0,"comment_status":"closed","ping_status":"closed","template":"","meta":{"footnotes":""},"class_list":["post-3820","page","type-page","status-publish"],"yoast_head":"<!-- This site is optimized with the Yoast SEO plugin v23.8 - https:\/\/yoast.com\/wordpress\/plugins\/seo\/ -->\n<title>Av\u00eds legal - Somos Legales<\/title>\n<meta name=\"robots\" content=\"noindex, nofollow\" \/>\n<meta property=\"og:locale\" content=\"ca_ES\" \/>\n<meta property=\"og:type\" content=\"article\" \/>\n<meta property=\"og:title\" content=\"Av\u00eds legal - Somos Legales\" \/>\n<meta property=\"og:description\" content=\"\u00a0 Av\u00eds legal \u00a0 CONDICIONS GENERALS D&#8217;\u00daS DEL LLOC WEB www.somoslegales.es Aquesta p\u00e0gina web \u00e9s propietat del senyor Rub\u00e9n D\u00edaz D\u00edaz, Registre d\u2019Agents Immobiliaris de Catalunya (AICAT) n\u00fam. 10721, NIF 45638618V, administrador de la marca comercial registrada a l&#8217;Oficina Espanyola de Patents i Marques \u201cSomos Legales\u201d, amb domicili al C\/ Aribau, 161 baixos, C.P. 08036 ... Llegiu m\u00e9s\" \/>\n<meta property=\"og:url\" content=\"https:\/\/somoslegales.es\/ca\/avis-legal\/\" \/>\n<meta property=\"og:site_name\" content=\"Somos Legales\" \/>\n<meta property=\"article:modified_time\" content=\"2022-02-05T19:25:49+00:00\" \/>\n<meta name=\"twitter:card\" content=\"summary_large_image\" \/>\n<meta name=\"twitter:label1\" content=\"Temps estimat de lectura\" \/>\n\t<meta name=\"twitter:data1\" content=\"5 minuts\" \/>\n<script type=\"application\/ld+json\" class=\"yoast-schema-graph\">{\"@context\":\"https:\/\/schema.org\",\"@graph\":[{\"@type\":\"WebPage\",\"@id\":\"https:\/\/somoslegales.es\/ca\/avis-legal\/\",\"url\":\"https:\/\/somoslegales.es\/ca\/avis-legal\/\",\"name\":\"Av\u00eds legal - Somos Legales\",\"isPartOf\":{\"@id\":\"https:\/\/somoslegales.es\/#website\"},\"datePublished\":\"2022-01-25T16:27:11+00:00\",\"dateModified\":\"2022-02-05T19:25:49+00:00\",\"breadcrumb\":{\"@id\":\"https:\/\/somoslegales.es\/ca\/avis-legal\/#breadcrumb\"},\"inLanguage\":\"ca\",\"potentialAction\":[{\"@type\":\"ReadAction\",\"target\":[\"https:\/\/somoslegales.es\/ca\/avis-legal\/\"]}]},{\"@type\":\"BreadcrumbList\",\"@id\":\"https:\/\/somoslegales.es\/ca\/avis-legal\/#breadcrumb\",\"itemListElement\":[{\"@type\":\"ListItem\",\"position\":1,\"name\":\"Portada\",\"item\":\"https:\/\/somoslegales.es\/\"},{\"@type\":\"ListItem\",\"position\":2,\"name\":\"Av\u00eds legal\"}]},{\"@type\":\"WebSite\",\"@id\":\"https:\/\/somoslegales.es\/#website\",\"url\":\"https:\/\/somoslegales.es\/\",\"name\":\"Somos Legales\",\"description\":\"Tu inmobiliaria en Barcelona\",\"potentialAction\":[{\"@type\":\"SearchAction\",\"target\":{\"@type\":\"EntryPoint\",\"urlTemplate\":\"https:\/\/somoslegales.es\/?s={search_term_string}\"},\"query-input\":{\"@type\":\"PropertyValueSpecification\",\"valueRequired\":true,\"valueName\":\"search_term_string\"}}],\"inLanguage\":\"ca\"}]}<\/script>\n<!-- \/ Yoast SEO plugin. -->","yoast_head_json":{"title":"Av\u00eds legal - Somos Legales","robots":{"index":"noindex","follow":"nofollow"},"og_locale":"ca_ES","og_type":"article","og_title":"Av\u00eds legal - Somos Legales","og_description":"\u00a0 Av\u00eds legal \u00a0 CONDICIONS GENERALS D&#8217;\u00daS DEL LLOC WEB www.somoslegales.es Aquesta p\u00e0gina web \u00e9s propietat del senyor Rub\u00e9n D\u00edaz D\u00edaz, Registre d\u2019Agents Immobiliaris de Catalunya (AICAT) n\u00fam. 10721, NIF 45638618V, administrador de la marca comercial registrada a l&#8217;Oficina Espanyola de Patents i Marques \u201cSomos Legales\u201d, amb domicili al C\/ Aribau, 161 baixos, C.P. 08036 ... Llegiu m\u00e9s","og_url":"https:\/\/somoslegales.es\/ca\/avis-legal\/","og_site_name":"Somos Legales","article_modified_time":"2022-02-05T19:25:49+00:00","twitter_card":"summary_large_image","twitter_misc":{"Temps estimat de lectura":"5 minuts"},"schema":{"@context":"https:\/\/schema.org","@graph":[{"@type":"WebPage","@id":"https:\/\/somoslegales.es\/ca\/avis-legal\/","url":"https:\/\/somoslegales.es\/ca\/avis-legal\/","name":"Av\u00eds legal - Somos Legales","isPartOf":{"@id":"https:\/\/somoslegales.es\/#website"},"datePublished":"2022-01-25T16:27:11+00:00","dateModified":"2022-02-05T19:25:49+00:00","breadcrumb":{"@id":"https:\/\/somoslegales.es\/ca\/avis-legal\/#breadcrumb"},"inLanguage":"ca","potentialAction":[{"@type":"ReadAction","target":["https:\/\/somoslegales.es\/ca\/avis-legal\/"]}]},{"@type":"BreadcrumbList","@id":"https:\/\/somoslegales.es\/ca\/avis-legal\/#breadcrumb","itemListElement":[{"@type":"ListItem","position":1,"name":"Portada","item":"https:\/\/somoslegales.es\/"},{"@type":"ListItem","position":2,"name":"Av\u00eds legal"}]},{"@type":"WebSite","@id":"https:\/\/somoslegales.es\/#website","url":"https:\/\/somoslegales.es\/","name":"Somos Legales","description":"Tu inmobiliaria en Barcelona","potentialAction":[{"@type":"SearchAction","target":{"@type":"EntryPoint","urlTemplate":"https:\/\/somoslegales.es\/?s={search_term_string}"},"query-input":{"@type":"PropertyValueSpecification","valueRequired":true,"valueName":"search_term_string"}}],"inLanguage":"ca"}]}},"_links":{"self":[{"href":"https:\/\/somoslegales.es\/ca\/wp-json\/wp\/v2\/pages\/3820","targetHints":{"allow":["GET"]}}],"collection":[{"href":"https:\/\/somoslegales.es\/ca\/wp-json\/wp\/v2\/pages"}],"about":[{"href":"https:\/\/somoslegales.es\/ca\/wp-json\/wp\/v2\/types\/page"}],"author":[{"embeddable":true,"href":"https:\/\/somoslegales.es\/ca\/wp-json\/wp\/v2\/users\/1"}],"replies":[{"embeddable":true,"href":"https:\/\/somoslegales.es\/ca\/wp-json\/wp\/v2\/comments?post=3820"}],"version-history":[{"count":10,"href":"https:\/\/somoslegales.es\/ca\/wp-json\/wp\/v2\/pages\/3820\/revisions"}],"predecessor-version":[{"id":4627,"href":"https:\/\/somoslegales.es\/ca\/wp-json\/wp\/v2\/pages\/3820\/revisions\/4627"}],"wp:attachment":[{"href":"https:\/\/somoslegales.es\/ca\/wp-json\/wp\/v2\/media?parent=3820"}],"curies":[{"name":"wp","href":"https:\/\/api.w.org\/{rel}","templated":true}]}}