{"id":3837,"date":"2022-01-25T17:51:13","date_gmt":"2022-01-25T16:51:13","guid":{"rendered":"https:\/\/somoslegales.es\/termes-i-condicions\/"},"modified":"2025-01-29T18:52:39","modified_gmt":"2025-01-29T17:52:39","slug":"termes-i-condicions","status":"publish","type":"page","link":"https:\/\/somoslegales.es\/ca\/termes-i-condicions\/","title":{"rendered":"Termes i condicions"},"content":{"rendered":"\t\t<div data-elementor-type=\"wp-page\" data-elementor-id=\"3837\" class=\"elementor elementor-3837 elementor-2449\" data-elementor-post-type=\"page\">\n\t\t\t\t\t\t<section class=\"elementor-section elementor-top-section elementor-element elementor-element-bdecbba elementor-section-boxed elementor-section-height-default elementor-section-height-default\" data-id=\"bdecbba\" data-element_type=\"section\" data-settings=\"{&quot;jet_parallax_layout_list&quot;:[{&quot;_id&quot;:&quot;361980e&quot;,&quot;jet_parallax_layout_image&quot;:{&quot;url&quot;:&quot;&quot;,&quot;id&quot;:&quot;&quot;,&quot;size&quot;:&quot;&quot;},&quot;jet_parallax_layout_image_tablet&quot;:{&quot;url&quot;:&quot;&quot;,&quot;id&quot;:&quot;&quot;,&quot;size&quot;:&quot;&quot;},&quot;jet_parallax_layout_image_mobile&quot;:{&quot;url&quot;:&quot;&quot;,&quot;id&quot;:&quot;&quot;,&quot;size&quot;:&quot;&quot;},&quot;jet_parallax_layout_speed&quot;:{&quot;unit&quot;:&quot;%&quot;,&quot;size&quot;:50,&quot;sizes&quot;:[]},&quot;jet_parallax_layout_type&quot;:&quot;scroll&quot;,&quot;jet_parallax_layout_direction&quot;:null,&quot;jet_parallax_layout_fx_direction&quot;:null,&quot;jet_parallax_layout_z_index&quot;:&quot;&quot;,&quot;jet_parallax_layout_bg_x&quot;:50,&quot;jet_parallax_layout_bg_x_tablet&quot;:&quot;&quot;,&quot;jet_parallax_layout_bg_x_mobile&quot;:&quot;&quot;,&quot;jet_parallax_layout_bg_y&quot;:50,&quot;jet_parallax_layout_bg_y_tablet&quot;:&quot;&quot;,&quot;jet_parallax_layout_bg_y_mobile&quot;:&quot;&quot;,&quot;jet_parallax_layout_bg_size&quot;:&quot;auto&quot;,&quot;jet_parallax_layout_bg_size_tablet&quot;:&quot;&quot;,&quot;jet_parallax_layout_bg_size_mobile&quot;:&quot;&quot;,&quot;jet_parallax_layout_animation_prop&quot;:&quot;transform&quot;,&quot;jet_parallax_layout_on&quot;:[&quot;desktop&quot;,&quot;tablet&quot;]}]}\">\n\t\t\t\t\t\t<div class=\"elementor-container elementor-column-gap-default\">\n\t\t\t\t\t<div class=\"elementor-column elementor-col-100 elementor-top-column elementor-element elementor-element-737f38c5\" data-id=\"737f38c5\" data-element_type=\"column\">\n\t\t\t<div class=\"elementor-widget-wrap elementor-element-populated\">\n\t\t\t\t\t\t<div class=\"elementor-element elementor-element-ed340b2 elementor-widget elementor-widget-text-editor\" data-id=\"ed340b2\" data-element_type=\"widget\" data-widget_type=\"text-editor.default\">\n\t\t\t\t<div class=\"elementor-widget-container\">\n\t\t\t\t\t\t\t<strong>\u00a0<\/strong>\r\n<h1><strong>Termes i Condicions<\/strong><\/h1>\r\n<strong>\u00a0<\/strong>\r\n\r\n<strong>TERMES I CONDICIONS GENERALS DE LES COMANDES REALITZADES PER INTERNET<\/strong>\r\n\r\nEns agradaria que et familiaritzessis amb els termes i condicions generals (T i C) que s&#8217;exposen a continuaci\u00f3, els quals estableixen les condicions de tramitaci\u00f3 i organitzaci\u00f3 de les compres. La p\u00e0gina web www.somoslegales.es posa a la venda \u00abserveis de Som Legals\u00bb. A aquest efecte:\r\n\r\n<strong>FORMALITZACI\u00d3 DEL CONTRACTE I LLIURAMENT DE SERVEIS<\/strong>\r\n\r\nPer a les comandes en l\u00ednia realitzades a www.somoslegales.es, celebrem contractes en espanyol i en catal\u00e0. Quan fas una comanda de serveis de Som Legals el teu contracte se celebra amb el senyor Rub\u00e9n D\u00edaz D\u00edaz, Registre d\u2019Agents Immobiliaris de Catalunya (AICAT) n\u00fam. 10721 i NIF 45638618V, administrador de la marca comercial registrada a l&#8217;Oficina Espanyola de Patents i Marques &#8220;Som Legals&#8221;, amb domicili al c\/ Aribau, 161 baixos, C.P. 08036 de Barcelona (Barcelona).\r\n\r\nEn fer clic a \u00abComprar\u00bb est\u00e0s realitzant una comanda vinculant dels serveis que apareixen a la teva cistella. Un cop hagis em\u00e8s la teva comanda, t&#8217;enviarem immediatament un correu electr\u00f2nic amb la confirmaci\u00f3 de la mateixa. El contracte vinculant es formalitza en el moment del pagament del servei. Els lliuraments es fan a Espanya. Els terminis de lliurament estan expressats en hores o dies feiners, s&#8217;entendr\u00e0 per dies feiners cada dia entre dilluns i divendres, ambd\u00f3s inclosos, per\u00f2 no els festius ni els caps de setmana.\r\n\r\n<strong>RESERVA DE LLOGUER<\/strong>\r\n\r\nL&#8217;USUARI\/A, previ a reservar un immoble, declara con\u00e8ixer les condicions generals del contracte d&#8217;arrendament de l&#8217;immoble que reservar\u00e0 aix\u00ed com les despeses derivades de la intermediaci\u00f3 immobili\u00e0ria. En cas de contractes d&#8217;arrendament d&#8217;habitatge habitual ser\u00e0 l&#8217;arrendador\/a qui es far\u00e0 c\u00e0rrec de les despeses d&#8217;intermediaci\u00f3 immobili\u00e0ria.\r\n\r\nL\u00b4USUARI\/A accepta l&#8217;estat actual de l&#8217;immoble, fins i tot en aquells casos en qu\u00e8 no s&#8217;hagi produ\u00eft una visita presencial i l\u00b4USUARI\/A hagi verificat l&#8217;estat de l&#8217;immoble mitjan\u00e7ant fotografies, v\u00eddeos o Tour Virtual 3D. La reserva mai no quedar\u00e0 condicionada a una posterior visita presencial de verificaci\u00f3 a l&#8217;immoble per part de l&#8217;USUARI\/A.\r\n\r\nLa reserva quedar\u00e0 sempre supeditada a l&#8217;<strong>aprovaci\u00f3 de l&#8217;estudi de la solv\u00e8ncia<\/strong> per part de l&#8217;arrendador\/a o de la immobili\u00e0ria.\r\n\r\nUn cop realitzat el pagament de la reserva, contactarem amb l&#8217;USUARI\/A en un termini m\u00e0xim de 24 hores (un dia laborable) i us sol\u00b7licitarem la documentaci\u00f3 necess\u00e0ria per a l&#8217;estudi de solv\u00e8ncia (es podr\u00e0 enviar per email o whatsapp).\r\n\r\nLa documentaci\u00f3 sol\u00b7licitada per a l&#8217;estudi de solv\u00e8ncia s&#8217;haur\u00e0 d&#8217;enviar en un termini m\u00e0xim de 48 hores (dos dies laborables) a comptar de la data i hora en que l&#8217;USUARI\/A rep la sol\u00b7licitud amb la documentaci\u00f3 necess\u00e0ria per a l&#8217;estudi. En cas que l&#8217;USUARI\/A no envi\u00ef tota la documentaci\u00f3 sol\u00b7licitada en el termini estipulat, <strong>perdr\u00e0 la totalitat de la quantitat lliurada com a reserva<\/strong>.\r\n\r\nUn cop rebuda tota la documentaci\u00f3 sol\u00b7licitada, farem l&#8217;estudi de solv\u00e8ncia i donarem a l&#8217;USUARI\/A una resposta definitiva en un termini m\u00e0xim de 48 hores (dos dies laborables).\r\n\r\nSi l&#8217;estudi fos favorable, redactarem el contracte d&#8217;arrendament en un termini m\u00e0xim de 48 hores (dos dies laborables) per a la seva signatura. Un cop signat, estarem en disposici\u00f3 de lliurar les claus de l&#8217;immoble segons la disponibilitat de cada propietat.\r\n\r\nSi l&#8217;estudi result\u00e9s desfavorable o l&#8217;arrendador \/ immobili\u00e0ria consider\u00e9s deficit\u00e0ria o insuficient la prova de solv\u00e8ncia aportada tornarem a l&#8217;USUARI\/A la totalitat de l&#8217;import abonat per la reserva de forma immediata, deixant sense cap efecte la reserva.\r\n\r\nEn cas que l&#8217;USUARI\/A no comparegu\u00e9s en la data de signatura o amb anterioritat per a la signatura del contracte d&#8217;arrendament, o comparegu\u00e9s i no el sign\u00e9s, <strong>perdr\u00e0 la totalitat de la quantitat lliurada com a reserva<\/strong>. En cas de signatura digital certificada, el termini m\u00e0xim per signar el contracte ser\u00e0 de 48 hores (dos dies laborables) comptadors des del moment en qu\u00e8 es posi a la disposici\u00f3 de l&#8217;USUARI\/A la signatura digital. En cas de no signar el contracte d&#8217;arrendament en el termini estipulat, l&#8217;USUARI\/A\u00a0<strong>perdr\u00e0 la totalitat de la quantitat lliurada com a reserva<\/strong>.\r\n\r\nL&#8217;import abonat en concepte de reserva \u00e9s un import &#8220;a compte&#8221;, quedar\u00e0 en dip\u00f2sit a la immobili\u00e0ria fins a la formalitzaci\u00f3 del contracte i ser\u00e0 dedu\u00eft per la immobili\u00e0ria dels honoraris corresponents a la intermediaci\u00f3, o si no, de qualsevol altre import a lliurar per l&#8217;USUARI\/A, tenint en compte les casu\u00edstiques anteriors.\r\n\r\nLa RESERVA d&#8217;immobles <strong>NO permet el dret de desistiment<\/strong>. Nom\u00e9s en cas que obtinguem un estudi econ\u00f2mic desfavorable es tornar\u00e0 la totalitat de la quantitat lliurada com a reserva (vegeu par\u00e0graf 8).\r\n\r\n<strong>PREUS<\/strong>\r\n\r\nS\u00f3n aplicables els preus establerts als productes en la data en qu\u00e8 es realitza la comanda. Els preus establerts s\u00f3n els preus finals (total), \u00e9s a dir, inclouen l&#8217;impost sobre el valor afegit (IVA) a Espanya al tipus impositiu legal aplicable. Fins que es faci el pagament total del preu de compra, el producte o servei continuar\u00e0 sent de la nostra propietat.\r\n\r\n<strong>REEMBORSAMENTS<\/strong>\r\n\r\nEl reemborsament s&#8217;efectua al compte utilitzat per al pagament. Per a pagaments a compte o pagaments per avan\u00e7at mitjan\u00e7ant transfer\u00e8ncia, el reemborsament ser\u00e0 enviat al compte des del qual es va fer el pagament. Si pagues mitjan\u00e7ant targeta de cr\u00e8dit, el reemborsament ser\u00e0 realitzat al compte associat a la teva targeta de cr\u00e8dit.\r\n\r\n<b>DRET DE DESISTIMENT<\/b>\r\n\r\nTens el dret a desistir del present contracte sense necessitat de cap justificaci\u00f3 en un termini de 14 dies, <strong>tret que el servei hagi estat completament executat<\/strong>, segons indica la legislaci\u00f3 vigent. En els casos on hi hagi un despla\u00e7ament dun t\u00e8cnic, sentendr\u00e0 com a servei completament executat quan el t\u00e8cnic hagi iniciat el despla\u00e7ament per a lexecuci\u00f3 del servei. Si el servei s&#8217;ha iniciat per\u00f2 no s&#8217;ha executat completament, l&#8217;USUARI\/A <strong>abonar\u00e0 el 50% de l&#8217;import<\/strong> del servei. El dret de desistiment <b>NO<\/b>\u00a0<strong>\u00e9s aplicable a la reserva de lloguer d&#8217;immobles<\/strong>.\r\n\r\nEl termini de desistiment expirar\u00e0 als 14 dies del dia que tu o tercer que indiquis, diferent del transportista, adquireixi la possessi\u00f3 material de l&#8217;\u00faltim d&#8217;aquests productes. Per exercir el dret de desistiment ens ho haur\u00e0s de notificar a nom de \u201cBotiga Som Legals\u201d, amb adre\u00e7a postal al c\/ Aribau, 161 baixos, C.P. 08036 de Barcelona (Barcelona), o per correu electr\u00f2nic info@somoslegales.es, la decisi\u00f3 de desistir del contracte mitjan\u00e7ant una declaraci\u00f3 inequ\u00edvoca (per exemple, una carta enviada per correu postal o correu electr\u00f2nic). Tamb\u00e9 pots emplenar i presentar el formulari de desistiment o una altra declaraci\u00f3 inequ\u00edvoca en l\u00ednia mitjan\u00e7ant el formulari de contacte de la nostra p\u00e0gina web. Si la comunicaci\u00f3 de desistiment la presentes online, t&#8217;enviarem un justificant de recepci\u00f3 sense demora indeguda. (ex. correu electr\u00f2nic). Per complir el termini de desistiment, nom\u00e9s cal que la comunicaci\u00f3 relativa a l&#8217;exercici del dret de desistiment sigui enviada abans que venci el termini de desistiment.\r\n\r\nEn cas de desistiment per part teva, procedirem a reemborsar-te els pagaments que hagis efectuat, sense cap demora indeguda i, en tot cas, dins dels 14 dies a partir de la data en qu\u00e8 haguem estat informats de la teva decisi\u00f3 de desistir del present contracte. El reemborsament es far\u00e0 utilitzant el mateix mitj\u00e0 de pagament que hagis fet servir per a la transacci\u00f3 inicial, llevat que s&#8217;hagi acordat expressament el contrari. No et cobrarem cap despesa com a conseq\u00fc\u00e8ncia del reemborsament.\r\n\r\n<strong>FORMULARI DE DESISTIMENT<\/strong>\r\n\r\nSi desitges desistir del contracte, pots emplenar i enviar-nos el present formulari:\r\n\r\nA l&#8217;atenci\u00f3 de \u201cBotiga Som Legals\u201d, amb adre\u00e7a postal al c\/ Aribau, 161 baixos, C.P. 08036 de Barcelona (Barcelona), o al correu electr\u00f2nic: info@somoslegales.es.\r\n\r\nPer la present us comunic que desisteixo del meu contracte de compravenda del seg\u00fcent producte o servei:\r\n\r\n&#8211; N\u00famero de comanda\r\n&#8211; Nom del consumidor\r\n&#8211; Direcci\u00f3 del consumidor\r\n&#8211; Data\r\n&#8211; Signatura\r\n\r\n<strong>ATENCI\u00d3 AL CLIENT<\/strong>\r\n\r\nPer a qualsevol pregunta, consulta la nostra secci\u00f3 d&#8217;ajuda o contacta amb nosaltres. Aix\u00ed mateix, us informem que la Comissi\u00f3 Europea disposa d&#8217;una plataforma online per solucionar controv\u00e8rsies legals, i que es troba disponible a la seg\u00fcent adre\u00e7a: <a href=\"https:\/\/ec.europa.eu\/consumers\/odr\/\" target=\"_blank\" rel=\"noopener\">https:\/\/ec.europa.eu\/consumers\/odr\/<\/a>.\r\n\r\n<strong>INFORMACI\u00d3 ADDICIONAL<\/strong>\r\n\r\nEls presents T i C es poden consultar a www.somoslegales.es. Aix\u00ed mateix, podeu imprimir o desar aquest document seleccionant les ordres habituals al vostre navegador (normalment Fitxer -&gt; Desa com). Tamb\u00e9 pots arxivar de forma senzilla la teva informaci\u00f3 de comanda descarregant els T i C i utilitzant les ordres adequades al navegador per guardar el resum de comanda que apareix a l&#8217;\u00faltima p\u00e0gina del proc\u00e9s de comanda de la botiga en l\u00ednia.\r\n\r\nDarrera actualitzaci\u00f3: 20 novembre 2024\t\t\t\t\t\t<\/div>\n\t\t\t\t<\/div>\n\t\t\t\t\t<\/div>\n\t\t<\/div>\n\t\t\t\t\t<\/div>\n\t\t<\/section>\n\t\t\t\t<\/div>\n\t\t","protected":false},"excerpt":{"rendered":"<p>\u00a0 Termes i Condicions \u00a0 TERMES I CONDICIONS GENERALS DE LES COMANDES REALITZADES PER INTERNET Ens agradaria que et familiaritzessis amb els termes i condicions generals (T i C) que s&#8217;exposen a continuaci\u00f3, els quals estableixen les condicions de tramitaci\u00f3 i organitzaci\u00f3 de les compres. La p\u00e0gina web www.somoslegales.es posa a la venda \u00abserveis de &#8230; <a title=\"Termes i condicions\" class=\"read-more\" href=\"https:\/\/somoslegales.es\/ca\/termes-i-condicions\/\" aria-label=\"M\u00e9s sobre Termes i condicions\">Llegiu m\u00e9s<\/a><\/p>\n","protected":false},"author":1,"featured_media":0,"parent":0,"menu_order":0,"comment_status":"closed","ping_status":"closed","template":"","meta":{"footnotes":""},"class_list":["post-3837","page","type-page","status-publish"],"yoast_head":"<!-- This site is optimized with the Yoast SEO plugin v23.8 - https:\/\/yoast.com\/wordpress\/plugins\/seo\/ -->\n<title>Termes i condicions - Somos Legales<\/title>\n<meta name=\"robots\" content=\"noindex, nofollow\" \/>\n<meta property=\"og:locale\" content=\"ca_ES\" \/>\n<meta property=\"og:type\" content=\"article\" \/>\n<meta property=\"og:title\" content=\"Termes i condicions - Somos Legales\" \/>\n<meta property=\"og:description\" content=\"\u00a0 Termes i Condicions \u00a0 TERMES I CONDICIONS GENERALS DE LES COMANDES REALITZADES PER INTERNET Ens agradaria que et familiaritzessis amb els termes i condicions generals (T i C) que s&#8217;exposen a continuaci\u00f3, els quals estableixen les condicions de tramitaci\u00f3 i organitzaci\u00f3 de les compres. La p\u00e0gina web www.somoslegales.es posa a la venda \u00abserveis de ... Llegiu m\u00e9s\" \/>\n<meta property=\"og:url\" content=\"https:\/\/somoslegales.es\/terminos-y-condiciones\/\" \/>\n<meta property=\"og:site_name\" content=\"Somos Legales\" \/>\n<meta property=\"article:modified_time\" content=\"2025-01-29T17:52:39+00:00\" \/>\n<meta name=\"twitter:card\" content=\"summary_large_image\" \/>\n<meta name=\"twitter:label1\" content=\"Temps estimat de lectura\" \/>\n\t<meta name=\"twitter:data1\" content=\"8 minuts\" \/>\n<script type=\"application\/ld+json\" class=\"yoast-schema-graph\">{\"@context\":\"https:\/\/schema.org\",\"@graph\":[{\"@type\":\"WebPage\",\"@id\":\"https:\/\/somoslegales.es\/terminos-y-condiciones\/\",\"url\":\"https:\/\/somoslegales.es\/terminos-y-condiciones\/\",\"name\":\"Termes i condicions - Somos Legales\",\"isPartOf\":{\"@id\":\"https:\/\/somoslegales.es\/#website\"},\"datePublished\":\"2022-01-25T16:51:13+00:00\",\"dateModified\":\"2025-01-29T17:52:39+00:00\",\"breadcrumb\":{\"@id\":\"https:\/\/somoslegales.es\/terminos-y-condiciones\/#breadcrumb\"},\"inLanguage\":\"ca\",\"potentialAction\":[{\"@type\":\"ReadAction\",\"target\":[\"https:\/\/somoslegales.es\/terminos-y-condiciones\/\"]}]},{\"@type\":\"BreadcrumbList\",\"@id\":\"https:\/\/somoslegales.es\/terminos-y-condiciones\/#breadcrumb\",\"itemListElement\":[{\"@type\":\"ListItem\",\"position\":1,\"name\":\"Portada\",\"item\":\"https:\/\/somoslegales.es\/\"},{\"@type\":\"ListItem\",\"position\":2,\"name\":\"Termes i condicions\"}]},{\"@type\":\"WebSite\",\"@id\":\"https:\/\/somoslegales.es\/#website\",\"url\":\"https:\/\/somoslegales.es\/\",\"name\":\"Somos Legales\",\"description\":\"Tu inmobiliaria en Barcelona\",\"potentialAction\":[{\"@type\":\"SearchAction\",\"target\":{\"@type\":\"EntryPoint\",\"urlTemplate\":\"https:\/\/somoslegales.es\/?s={search_term_string}\"},\"query-input\":{\"@type\":\"PropertyValueSpecification\",\"valueRequired\":true,\"valueName\":\"search_term_string\"}}],\"inLanguage\":\"ca\"}]}<\/script>\n<!-- \/ Yoast SEO plugin. -->","yoast_head_json":{"title":"Termes i condicions - Somos Legales","robots":{"index":"noindex","follow":"nofollow"},"og_locale":"ca_ES","og_type":"article","og_title":"Termes i condicions - Somos Legales","og_description":"\u00a0 Termes i Condicions \u00a0 TERMES I CONDICIONS GENERALS DE LES COMANDES REALITZADES PER INTERNET Ens agradaria que et familiaritzessis amb els termes i condicions generals (T i C) que s&#8217;exposen a continuaci\u00f3, els quals estableixen les condicions de tramitaci\u00f3 i organitzaci\u00f3 de les compres. La p\u00e0gina web www.somoslegales.es posa a la venda \u00abserveis de ... Llegiu m\u00e9s","og_url":"https:\/\/somoslegales.es\/terminos-y-condiciones\/","og_site_name":"Somos Legales","article_modified_time":"2025-01-29T17:52:39+00:00","twitter_card":"summary_large_image","twitter_misc":{"Temps estimat de lectura":"8 minuts"},"schema":{"@context":"https:\/\/schema.org","@graph":[{"@type":"WebPage","@id":"https:\/\/somoslegales.es\/terminos-y-condiciones\/","url":"https:\/\/somoslegales.es\/terminos-y-condiciones\/","name":"Termes i condicions - Somos Legales","isPartOf":{"@id":"https:\/\/somoslegales.es\/#website"},"datePublished":"2022-01-25T16:51:13+00:00","dateModified":"2025-01-29T17:52:39+00:00","breadcrumb":{"@id":"https:\/\/somoslegales.es\/terminos-y-condiciones\/#breadcrumb"},"inLanguage":"ca","potentialAction":[{"@type":"ReadAction","target":["https:\/\/somoslegales.es\/terminos-y-condiciones\/"]}]},{"@type":"BreadcrumbList","@id":"https:\/\/somoslegales.es\/terminos-y-condiciones\/#breadcrumb","itemListElement":[{"@type":"ListItem","position":1,"name":"Portada","item":"https:\/\/somoslegales.es\/"},{"@type":"ListItem","position":2,"name":"Termes i condicions"}]},{"@type":"WebSite","@id":"https:\/\/somoslegales.es\/#website","url":"https:\/\/somoslegales.es\/","name":"Somos Legales","description":"Tu inmobiliaria en Barcelona","potentialAction":[{"@type":"SearchAction","target":{"@type":"EntryPoint","urlTemplate":"https:\/\/somoslegales.es\/?s={search_term_string}"},"query-input":{"@type":"PropertyValueSpecification","valueRequired":true,"valueName":"search_term_string"}}],"inLanguage":"ca"}]}},"_links":{"self":[{"href":"https:\/\/somoslegales.es\/ca\/wp-json\/wp\/v2\/pages\/3837","targetHints":{"allow":["GET"]}}],"collection":[{"href":"https:\/\/somoslegales.es\/ca\/wp-json\/wp\/v2\/pages"}],"about":[{"href":"https:\/\/somoslegales.es\/ca\/wp-json\/wp\/v2\/types\/page"}],"author":[{"embeddable":true,"href":"https:\/\/somoslegales.es\/ca\/wp-json\/wp\/v2\/users\/1"}],"replies":[{"embeddable":true,"href":"https:\/\/somoslegales.es\/ca\/wp-json\/wp\/v2\/comments?post=3837"}],"version-history":[{"count":46,"href":"https:\/\/somoslegales.es\/ca\/wp-json\/wp\/v2\/pages\/3837\/revisions"}],"predecessor-version":[{"id":6851,"href":"https:\/\/somoslegales.es\/ca\/wp-json\/wp\/v2\/pages\/3837\/revisions\/6851"}],"wp:attachment":[{"href":"https:\/\/somoslegales.es\/ca\/wp-json\/wp\/v2\/media?parent=3837"}],"curies":[{"name":"wp","href":"https:\/\/api.w.org\/{rel}","templated":true}]}}