{"id":3861,"date":"2021-08-31T06:00:02","date_gmt":"2022-01-26T09:50:04","guid":{"rendered":"https:\/\/somoslegales.es\/servicio\/asseguranca-dimpagament\/"},"modified":"2024-11-15T19:43:15","modified_gmt":"2024-11-15T18:43:15","slug":"asseguranca-dimpagament","status":"publish","type":"product","link":"https:\/\/somoslegales.es\/ca\/servei\/asseguranca-dimpagament\/","title":{"rendered":"Asseguran\u00e7a d&#8217;impagament"},"content":{"rendered":"","protected":false},"excerpt":{"rendered":"<p>T&#8217;assessorem i tramitem la teva asseguran\u00e7a d&#8217;impagament de rendes de lloguer, et garantim el cobrament de totes les rendes en cas d&#8217;impagament del teu llogater. Si et vols despreocupar de tot, l&#8217;asseguran\u00e7a d&#8217;impagament \u00e9s sin\u00f2nim de tranquil\u00b7litat.<\/p>\n","protected":false},"featured_media":885,"template":"","meta":[],"product_cat":[103],"product_tag":[104],"class_list":{"0":"post-3861","1":"product","2":"type-product","3":"status-publish","4":"has-post-thumbnail","6":"product_cat-assegurances","7":"product_tag-informacio","8":"sales-flash-overlay","9":"woocommerce-text-align-center","10":"woocommerce-image-align-center","11":"do-quantity-buttons","13":"first","14":"instock","15":"virtual","16":"taxable","17":"product-type-simple"},"yoast_head":"<!-- This site is optimized with the Yoast SEO plugin v23.8 - https:\/\/yoast.com\/wordpress\/plugins\/seo\/ -->\n<title>Asseguran\u00e7a d&#039;impagament - Somos Legales<\/title>\n<meta name=\"description\" content=\"T&#039;assessorem i tramitem la teva asseguran\u00e7a d&#039;impagament de rendes de lloguer, et garantim el cobrament de totes les rendes en cas d&#039;impagament.\" \/>\n<meta name=\"robots\" content=\"index, follow, max-snippet:-1, max-image-preview:large, max-video-preview:-1\" \/>\n<link rel=\"canonical\" href=\"https:\/\/somoslegales.es\/servei\/seguro-de-impago\/\" \/>\n<meta property=\"og:locale\" content=\"ca_ES\" \/>\n<meta property=\"og:type\" content=\"article\" \/>\n<meta property=\"og:title\" content=\"Asseguran\u00e7a d&#039;impagament - Somos Legales\" \/>\n<meta property=\"og:description\" content=\"T&#039;assessorem i tramitem la teva asseguran\u00e7a d&#039;impagament de rendes de lloguer, et garantim el cobrament de totes les rendes en cas d&#039;impagament.\" \/>\n<meta property=\"og:url\" content=\"https:\/\/somoslegales.es\/servei\/seguro-de-impago\/\" \/>\n<meta property=\"og:site_name\" content=\"Somos Legales\" \/>\n<meta property=\"article:modified_time\" content=\"2024-11-15T18:43:15+00:00\" \/>\n<meta property=\"og:image\" content=\"https:\/\/somoslegales.es\/wp-content\/uploads\/2021\/06\/seguro-impagos.jpg\" \/>\n\t<meta property=\"og:image:width\" content=\"960\" \/>\n\t<meta property=\"og:image:height\" content=\"851\" \/>\n\t<meta property=\"og:image:type\" content=\"image\/jpeg\" \/>\n<meta name=\"twitter:card\" content=\"summary_large_image\" \/>\n<script type=\"application\/ld+json\" class=\"yoast-schema-graph\">{\"@context\":\"https:\/\/schema.org\",\"@graph\":[{\"@type\":\"WebPage\",\"@id\":\"https:\/\/somoslegales.es\/servei\/seguro-de-impago\/\",\"url\":\"https:\/\/somoslegales.es\/servei\/seguro-de-impago\/\",\"name\":\"Asseguran\u00e7a d'impagament - Somos Legales\",\"isPartOf\":{\"@id\":\"https:\/\/somoslegales.es\/#website\"},\"primaryImageOfPage\":{\"@id\":\"https:\/\/somoslegales.es\/servei\/seguro-de-impago\/#primaryimage\"},\"image\":{\"@id\":\"https:\/\/somoslegales.es\/servei\/seguro-de-impago\/#primaryimage\"},\"thumbnailUrl\":\"https:\/\/somoslegales.es\/wp-content\/uploads\/2021\/06\/seguro-impagos.jpg\",\"datePublished\":\"2022-01-26T09:50:04+00:00\",\"dateModified\":\"2024-11-15T18:43:15+00:00\",\"description\":\"T'assessorem i tramitem la teva asseguran\u00e7a d'impagament de rendes de lloguer, et garantim el cobrament de totes les rendes en cas d'impagament.\",\"breadcrumb\":{\"@id\":\"https:\/\/somoslegales.es\/servei\/seguro-de-impago\/#breadcrumb\"},\"inLanguage\":\"ca\",\"potentialAction\":[{\"@type\":\"ReadAction\",\"target\":[\"https:\/\/somoslegales.es\/servei\/seguro-de-impago\/\"]}]},{\"@type\":\"ImageObject\",\"inLanguage\":\"ca\",\"@id\":\"https:\/\/somoslegales.es\/servei\/seguro-de-impago\/#primaryimage\",\"url\":\"https:\/\/somoslegales.es\/wp-content\/uploads\/2021\/06\/seguro-impagos.jpg\",\"contentUrl\":\"https:\/\/somoslegales.es\/wp-content\/uploads\/2021\/06\/seguro-impagos.jpg\",\"width\":960,\"height\":851},{\"@type\":\"BreadcrumbList\",\"@id\":\"https:\/\/somoslegales.es\/servei\/seguro-de-impago\/#breadcrumb\",\"itemListElement\":[{\"@type\":\"ListItem\",\"position\":1,\"name\":\"Portada\",\"item\":\"https:\/\/somoslegales.es\/\"},{\"@type\":\"ListItem\",\"position\":2,\"name\":\"Botiga\",\"item\":\"https:\/\/somoslegales.es\/ca\/botiga\/\"},{\"@type\":\"ListItem\",\"position\":3,\"name\":\"Asseguran\u00e7a d&#8217;impagament\"}]},{\"@type\":\"WebSite\",\"@id\":\"https:\/\/somoslegales.es\/#website\",\"url\":\"https:\/\/somoslegales.es\/\",\"name\":\"Somos Legales\",\"description\":\"Tu inmobiliaria en Barcelona\",\"potentialAction\":[{\"@type\":\"SearchAction\",\"target\":{\"@type\":\"EntryPoint\",\"urlTemplate\":\"https:\/\/somoslegales.es\/?s={search_term_string}\"},\"query-input\":{\"@type\":\"PropertyValueSpecification\",\"valueRequired\":true,\"valueName\":\"search_term_string\"}}],\"inLanguage\":\"ca\"}]}<\/script>\n<!-- \/ Yoast SEO plugin. -->","yoast_head_json":{"title":"Asseguran\u00e7a d'impagament - Somos Legales","description":"T'assessorem i tramitem la teva asseguran\u00e7a d'impagament de rendes de lloguer, et garantim el cobrament de totes les rendes en cas d'impagament.","robots":{"index":"index","follow":"follow","max-snippet":"max-snippet:-1","max-image-preview":"max-image-preview:large","max-video-preview":"max-video-preview:-1"},"canonical":"https:\/\/somoslegales.es\/servei\/seguro-de-impago\/","og_locale":"ca_ES","og_type":"article","og_title":"Asseguran\u00e7a d'impagament - Somos Legales","og_description":"T'assessorem i tramitem la teva asseguran\u00e7a d'impagament de rendes de lloguer, et garantim el cobrament de totes les rendes en cas d'impagament.","og_url":"https:\/\/somoslegales.es\/servei\/seguro-de-impago\/","og_site_name":"Somos Legales","article_modified_time":"2024-11-15T18:43:15+00:00","og_image":[{"width":960,"height":851,"url":"https:\/\/somoslegales.es\/wp-content\/uploads\/2021\/06\/seguro-impagos.jpg","type":"image\/jpeg"}],"twitter_card":"summary_large_image","schema":{"@context":"https:\/\/schema.org","@graph":[{"@type":"WebPage","@id":"https:\/\/somoslegales.es\/servei\/seguro-de-impago\/","url":"https:\/\/somoslegales.es\/servei\/seguro-de-impago\/","name":"Asseguran\u00e7a d'impagament - Somos Legales","isPartOf":{"@id":"https:\/\/somoslegales.es\/#website"},"primaryImageOfPage":{"@id":"https:\/\/somoslegales.es\/servei\/seguro-de-impago\/#primaryimage"},"image":{"@id":"https:\/\/somoslegales.es\/servei\/seguro-de-impago\/#primaryimage"},"thumbnailUrl":"https:\/\/somoslegales.es\/wp-content\/uploads\/2021\/06\/seguro-impagos.jpg","datePublished":"2022-01-26T09:50:04+00:00","dateModified":"2024-11-15T18:43:15+00:00","description":"T'assessorem i tramitem la teva asseguran\u00e7a d'impagament de rendes de lloguer, et garantim el cobrament de totes les rendes en cas d'impagament.","breadcrumb":{"@id":"https:\/\/somoslegales.es\/servei\/seguro-de-impago\/#breadcrumb"},"inLanguage":"ca","potentialAction":[{"@type":"ReadAction","target":["https:\/\/somoslegales.es\/servei\/seguro-de-impago\/"]}]},{"@type":"ImageObject","inLanguage":"ca","@id":"https:\/\/somoslegales.es\/servei\/seguro-de-impago\/#primaryimage","url":"https:\/\/somoslegales.es\/wp-content\/uploads\/2021\/06\/seguro-impagos.jpg","contentUrl":"https:\/\/somoslegales.es\/wp-content\/uploads\/2021\/06\/seguro-impagos.jpg","width":960,"height":851},{"@type":"BreadcrumbList","@id":"https:\/\/somoslegales.es\/servei\/seguro-de-impago\/#breadcrumb","itemListElement":[{"@type":"ListItem","position":1,"name":"Portada","item":"https:\/\/somoslegales.es\/"},{"@type":"ListItem","position":2,"name":"Botiga","item":"https:\/\/somoslegales.es\/ca\/botiga\/"},{"@type":"ListItem","position":3,"name":"Asseguran\u00e7a d&#8217;impagament"}]},{"@type":"WebSite","@id":"https:\/\/somoslegales.es\/#website","url":"https:\/\/somoslegales.es\/","name":"Somos Legales","description":"Tu inmobiliaria en Barcelona","potentialAction":[{"@type":"SearchAction","target":{"@type":"EntryPoint","urlTemplate":"https:\/\/somoslegales.es\/?s={search_term_string}"},"query-input":{"@type":"PropertyValueSpecification","valueRequired":true,"valueName":"search_term_string"}}],"inLanguage":"ca"}]}},"_links":{"self":[{"href":"https:\/\/somoslegales.es\/ca\/wp-json\/wp\/v2\/product\/3861","targetHints":{"allow":["GET"]}}],"collection":[{"href":"https:\/\/somoslegales.es\/ca\/wp-json\/wp\/v2\/product"}],"about":[{"href":"https:\/\/somoslegales.es\/ca\/wp-json\/wp\/v2\/types\/product"}],"version-history":[{"count":4,"href":"https:\/\/somoslegales.es\/ca\/wp-json\/wp\/v2\/product\/3861\/revisions"}],"predecessor-version":[{"id":6658,"href":"https:\/\/somoslegales.es\/ca\/wp-json\/wp\/v2\/product\/3861\/revisions\/6658"}],"wp:featuredmedia":[{"embeddable":true,"href":"https:\/\/somoslegales.es\/ca\/wp-json\/wp\/v2\/media\/885"}],"wp:attachment":[{"href":"https:\/\/somoslegales.es\/ca\/wp-json\/wp\/v2\/media?parent=3861"}],"wp:term":[{"taxonomy":"product_cat","embeddable":true,"href":"https:\/\/somoslegales.es\/ca\/wp-json\/wp\/v2\/product_cat?post=3861"},{"taxonomy":"product_tag","embeddable":true,"href":"https:\/\/somoslegales.es\/ca\/wp-json\/wp\/v2\/product_tag?post=3861"}],"curies":[{"name":"wp","href":"https:\/\/api.w.org\/{rel}","templated":true}]}}