{"id":3863,"date":"2021-08-31T05:00:55","date_gmt":"2022-01-26T10:01:01","guid":{"rendered":"https:\/\/somoslegales.es\/servicio\/asseguranca-de-llar-i-comunitat\/"},"modified":"2022-04-12T18:37:23","modified_gmt":"2022-04-12T16:37:23","slug":"assegurances","status":"publish","type":"product","link":"https:\/\/somoslegales.es\/ca\/servei\/assegurances\/","title":{"rendered":"Asseguran\u00e7a de la llar i comunitat"},"content":{"rendered":"<p>T&#8217;assessorem i tramitem la teva asseguran\u00e7a multirisc per a la llar, oficina, local o comunitat de ve\u00efns. Demana el teu pressupost! (SEO)<\/p>\n","protected":false},"excerpt":{"rendered":"<p>T&#8217;assessorem i tramitem la teva asseguran\u00e7a multirisc per a la llar, oficina, local o comunitat de ve\u00efns. Si et vols despreocupar de tot, l&#8217;asseguran\u00e7a \u00e9s sin\u00f2nim de tranquil\u00b7litat.<\/p>\n","protected":false},"featured_media":1376,"template":"","meta":[],"product_cat":[103],"product_tag":[104],"class_list":{"0":"post-3863","1":"product","2":"type-product","3":"status-publish","4":"has-post-thumbnail","6":"product_cat-assegurances","7":"product_tag-informacio","8":"sales-flash-overlay","9":"woocommerce-text-align-center","10":"woocommerce-image-align-center","11":"do-quantity-buttons","13":"first","14":"instock","15":"taxable","16":"shipping-taxable","17":"product-type-simple"},"yoast_head":"<!-- This site is optimized with the Yoast SEO plugin v23.8 - https:\/\/yoast.com\/wordpress\/plugins\/seo\/ -->\n<title>Asseguran\u00e7a de la llar i comunitat - Somos Legales<\/title>\n<meta name=\"description\" content=\"T&#039;assessorem i tramitem la teva asseguran\u00e7a multirisc per a la llar, oficina, local o comunitat de ve\u00efns. Demana el teu pressupost!\" \/>\n<meta name=\"robots\" content=\"index, follow, max-snippet:-1, max-image-preview:large, max-video-preview:-1\" \/>\n<link rel=\"canonical\" href=\"https:\/\/somoslegales.es\/ca\/servei\/assegurances\/\" \/>\n<meta property=\"og:locale\" content=\"ca_ES\" \/>\n<meta property=\"og:type\" content=\"article\" \/>\n<meta property=\"og:title\" content=\"Asseguran\u00e7a de la llar i comunitat - Somos Legales\" \/>\n<meta property=\"og:description\" content=\"T&#039;assessorem i tramitem la teva asseguran\u00e7a multirisc per a la llar, oficina, local o comunitat de ve\u00efns. Demana el teu pressupost!\" \/>\n<meta property=\"og:url\" content=\"https:\/\/somoslegales.es\/ca\/servei\/assegurances\/\" \/>\n<meta property=\"og:site_name\" content=\"Somos Legales\" \/>\n<meta property=\"article:modified_time\" content=\"2022-04-12T16:37:23+00:00\" \/>\n<meta property=\"og:image\" content=\"https:\/\/somoslegales.es\/wp-content\/uploads\/2021\/08\/seguro-de-hogar.jpg\" \/>\n\t<meta property=\"og:image:width\" content=\"968\" \/>\n\t<meta property=\"og:image:height\" content=\"931\" \/>\n\t<meta property=\"og:image:type\" content=\"image\/jpeg\" \/>\n<meta name=\"twitter:card\" content=\"summary_large_image\" \/>\n<script type=\"application\/ld+json\" class=\"yoast-schema-graph\">{\"@context\":\"https:\/\/schema.org\",\"@graph\":[{\"@type\":\"WebPage\",\"@id\":\"https:\/\/somoslegales.es\/ca\/servei\/assegurances\/\",\"url\":\"https:\/\/somoslegales.es\/ca\/servei\/assegurances\/\",\"name\":\"Asseguran\u00e7a de la llar i comunitat - Somos Legales\",\"isPartOf\":{\"@id\":\"https:\/\/somoslegales.es\/#website\"},\"primaryImageOfPage\":{\"@id\":\"https:\/\/somoslegales.es\/ca\/servei\/assegurances\/#primaryimage\"},\"image\":{\"@id\":\"https:\/\/somoslegales.es\/ca\/servei\/assegurances\/#primaryimage\"},\"thumbnailUrl\":\"https:\/\/somoslegales.es\/wp-content\/uploads\/2021\/08\/seguro-de-hogar.jpg\",\"datePublished\":\"2022-01-26T10:01:01+00:00\",\"dateModified\":\"2022-04-12T16:37:23+00:00\",\"description\":\"T'assessorem i tramitem la teva asseguran\u00e7a multirisc per a la llar, oficina, local o comunitat de ve\u00efns. Demana el teu pressupost!\",\"breadcrumb\":{\"@id\":\"https:\/\/somoslegales.es\/ca\/servei\/assegurances\/#breadcrumb\"},\"inLanguage\":\"ca\",\"potentialAction\":[{\"@type\":\"ReadAction\",\"target\":[\"https:\/\/somoslegales.es\/ca\/servei\/assegurances\/\"]}]},{\"@type\":\"ImageObject\",\"inLanguage\":\"ca\",\"@id\":\"https:\/\/somoslegales.es\/ca\/servei\/assegurances\/#primaryimage\",\"url\":\"https:\/\/somoslegales.es\/wp-content\/uploads\/2021\/08\/seguro-de-hogar.jpg\",\"contentUrl\":\"https:\/\/somoslegales.es\/wp-content\/uploads\/2021\/08\/seguro-de-hogar.jpg\",\"width\":968,\"height\":931},{\"@type\":\"BreadcrumbList\",\"@id\":\"https:\/\/somoslegales.es\/ca\/servei\/assegurances\/#breadcrumb\",\"itemListElement\":[{\"@type\":\"ListItem\",\"position\":1,\"name\":\"Portada\",\"item\":\"https:\/\/somoslegales.es\/\"},{\"@type\":\"ListItem\",\"position\":2,\"name\":\"Botiga\",\"item\":\"https:\/\/somoslegales.es\/ca\/botiga\/\"},{\"@type\":\"ListItem\",\"position\":3,\"name\":\"Asseguran\u00e7a de la llar i comunitat\"}]},{\"@type\":\"WebSite\",\"@id\":\"https:\/\/somoslegales.es\/#website\",\"url\":\"https:\/\/somoslegales.es\/\",\"name\":\"Somos Legales\",\"description\":\"Tu inmobiliaria en Barcelona\",\"potentialAction\":[{\"@type\":\"SearchAction\",\"target\":{\"@type\":\"EntryPoint\",\"urlTemplate\":\"https:\/\/somoslegales.es\/?s={search_term_string}\"},\"query-input\":{\"@type\":\"PropertyValueSpecification\",\"valueRequired\":true,\"valueName\":\"search_term_string\"}}],\"inLanguage\":\"ca\"}]}<\/script>\n<!-- \/ Yoast SEO plugin. -->","yoast_head_json":{"title":"Asseguran\u00e7a de la llar i comunitat - Somos Legales","description":"T'assessorem i tramitem la teva asseguran\u00e7a multirisc per a la llar, oficina, local o comunitat de ve\u00efns. Demana el teu pressupost!","robots":{"index":"index","follow":"follow","max-snippet":"max-snippet:-1","max-image-preview":"max-image-preview:large","max-video-preview":"max-video-preview:-1"},"canonical":"https:\/\/somoslegales.es\/ca\/servei\/assegurances\/","og_locale":"ca_ES","og_type":"article","og_title":"Asseguran\u00e7a de la llar i comunitat - Somos Legales","og_description":"T'assessorem i tramitem la teva asseguran\u00e7a multirisc per a la llar, oficina, local o comunitat de ve\u00efns. Demana el teu pressupost!","og_url":"https:\/\/somoslegales.es\/ca\/servei\/assegurances\/","og_site_name":"Somos Legales","article_modified_time":"2022-04-12T16:37:23+00:00","og_image":[{"width":968,"height":931,"url":"https:\/\/somoslegales.es\/wp-content\/uploads\/2021\/08\/seguro-de-hogar.jpg","type":"image\/jpeg"}],"twitter_card":"summary_large_image","schema":{"@context":"https:\/\/schema.org","@graph":[{"@type":"WebPage","@id":"https:\/\/somoslegales.es\/ca\/servei\/assegurances\/","url":"https:\/\/somoslegales.es\/ca\/servei\/assegurances\/","name":"Asseguran\u00e7a de la llar i comunitat - Somos Legales","isPartOf":{"@id":"https:\/\/somoslegales.es\/#website"},"primaryImageOfPage":{"@id":"https:\/\/somoslegales.es\/ca\/servei\/assegurances\/#primaryimage"},"image":{"@id":"https:\/\/somoslegales.es\/ca\/servei\/assegurances\/#primaryimage"},"thumbnailUrl":"https:\/\/somoslegales.es\/wp-content\/uploads\/2021\/08\/seguro-de-hogar.jpg","datePublished":"2022-01-26T10:01:01+00:00","dateModified":"2022-04-12T16:37:23+00:00","description":"T'assessorem i tramitem la teva asseguran\u00e7a multirisc per a la llar, oficina, local o comunitat de ve\u00efns. Demana el teu pressupost!","breadcrumb":{"@id":"https:\/\/somoslegales.es\/ca\/servei\/assegurances\/#breadcrumb"},"inLanguage":"ca","potentialAction":[{"@type":"ReadAction","target":["https:\/\/somoslegales.es\/ca\/servei\/assegurances\/"]}]},{"@type":"ImageObject","inLanguage":"ca","@id":"https:\/\/somoslegales.es\/ca\/servei\/assegurances\/#primaryimage","url":"https:\/\/somoslegales.es\/wp-content\/uploads\/2021\/08\/seguro-de-hogar.jpg","contentUrl":"https:\/\/somoslegales.es\/wp-content\/uploads\/2021\/08\/seguro-de-hogar.jpg","width":968,"height":931},{"@type":"BreadcrumbList","@id":"https:\/\/somoslegales.es\/ca\/servei\/assegurances\/#breadcrumb","itemListElement":[{"@type":"ListItem","position":1,"name":"Portada","item":"https:\/\/somoslegales.es\/"},{"@type":"ListItem","position":2,"name":"Botiga","item":"https:\/\/somoslegales.es\/ca\/botiga\/"},{"@type":"ListItem","position":3,"name":"Asseguran\u00e7a de la llar i comunitat"}]},{"@type":"WebSite","@id":"https:\/\/somoslegales.es\/#website","url":"https:\/\/somoslegales.es\/","name":"Somos Legales","description":"Tu inmobiliaria en Barcelona","potentialAction":[{"@type":"SearchAction","target":{"@type":"EntryPoint","urlTemplate":"https:\/\/somoslegales.es\/?s={search_term_string}"},"query-input":{"@type":"PropertyValueSpecification","valueRequired":true,"valueName":"search_term_string"}}],"inLanguage":"ca"}]}},"_links":{"self":[{"href":"https:\/\/somoslegales.es\/ca\/wp-json\/wp\/v2\/product\/3863","targetHints":{"allow":["GET"]}}],"collection":[{"href":"https:\/\/somoslegales.es\/ca\/wp-json\/wp\/v2\/product"}],"about":[{"href":"https:\/\/somoslegales.es\/ca\/wp-json\/wp\/v2\/types\/product"}],"version-history":[{"count":4,"href":"https:\/\/somoslegales.es\/ca\/wp-json\/wp\/v2\/product\/3863\/revisions"}],"predecessor-version":[{"id":5181,"href":"https:\/\/somoslegales.es\/ca\/wp-json\/wp\/v2\/product\/3863\/revisions\/5181"}],"wp:featuredmedia":[{"embeddable":true,"href":"https:\/\/somoslegales.es\/ca\/wp-json\/wp\/v2\/media\/1376"}],"wp:attachment":[{"href":"https:\/\/somoslegales.es\/ca\/wp-json\/wp\/v2\/media?parent=3863"}],"wp:term":[{"taxonomy":"product_cat","embeddable":true,"href":"https:\/\/somoslegales.es\/ca\/wp-json\/wp\/v2\/product_cat?post=3863"},{"taxonomy":"product_tag","embeddable":true,"href":"https:\/\/somoslegales.es\/ca\/wp-json\/wp\/v2\/product_tag?post=3863"}],"curies":[{"name":"wp","href":"https:\/\/api.w.org\/{rel}","templated":true}]}}