{"id":3864,"date":"2021-08-31T08:30:39","date_gmt":"2022-01-26T10:03:46","guid":{"rendered":"https:\/\/somoslegales.es\/servicio\/reserva-lloguer\/"},"modified":"2024-11-14T23:24:26","modified_gmt":"2024-11-14T22:24:26","slug":"reserva-lloguer","status":"publish","type":"product","link":"https:\/\/somoslegales.es\/ca\/servei\/reserva-lloguer\/","title":{"rendered":"Reserva lloguer"},"content":{"rendered":"","protected":false},"excerpt":{"rendered":"<p>Abans de reservar, assegura&#8217;t de con\u00e8ixer les condicions generals del contracte d&#8217;arrendament i les despeses derivades de la intermediaci\u00f3 immobili\u00e0ria.<br \/>\nLa reserva queda supeditada a l&#8217;aprovaci\u00f3 del <strong>estudi de la solv\u00e8ncia.<\/strong><\/p>\n","protected":false},"featured_media":1525,"template":"","meta":[],"product_cat":[105],"product_tag":[106],"class_list":{"0":"post-3864","1":"product","2":"type-product","3":"status-publish","4":"has-post-thumbnail","6":"product_cat-sense-categoritzar","7":"product_tag-reservar-ca","8":"sales-flash-overlay","9":"woocommerce-text-align-center","10":"woocommerce-image-align-center","11":"do-quantity-buttons","13":"first","14":"instock","15":"virtual","16":"sold-individually","17":"taxable","18":"purchasable","19":"product-type-simple"},"yoast_head":"<!-- This site is optimized with the Yoast SEO plugin v23.8 - https:\/\/yoast.com\/wordpress\/plugins\/seo\/ -->\n<title>Reserva lloguer - Somos Legales<\/title>\n<meta name=\"robots\" content=\"index, follow, max-snippet:-1, max-image-preview:large, max-video-preview:-1\" \/>\n<link rel=\"canonical\" href=\"https:\/\/somoslegales.es\/ca\/servei\/reserva-lloguer\/\" \/>\n<meta property=\"og:locale\" content=\"ca_ES\" \/>\n<meta property=\"og:type\" content=\"article\" \/>\n<meta property=\"og:title\" content=\"Reserva lloguer - Somos Legales\" \/>\n<meta property=\"og:description\" content=\"Abans de reservar, assegura&#039;t de con\u00e8ixer les condicions generals del contracte d&#039;arrendament i les despeses derivades de la intermediaci\u00f3 immobili\u00e0ria. La reserva queda supeditada a l&#039;aprovaci\u00f3 del estudi de la solv\u00e8ncia.\" \/>\n<meta property=\"og:url\" content=\"https:\/\/somoslegales.es\/ca\/servei\/reserva-lloguer\/\" \/>\n<meta property=\"og:site_name\" content=\"Somos Legales\" \/>\n<meta property=\"article:modified_time\" content=\"2024-11-14T22:24:26+00:00\" \/>\n<meta property=\"og:image\" content=\"https:\/\/somoslegales.es\/wp-content\/uploads\/2021\/09\/reserva-alquiler.jpg\" \/>\n\t<meta property=\"og:image:width\" content=\"484\" \/>\n\t<meta property=\"og:image:height\" content=\"466\" \/>\n\t<meta property=\"og:image:type\" content=\"image\/jpeg\" \/>\n<meta name=\"twitter:card\" content=\"summary_large_image\" \/>\n<script type=\"application\/ld+json\" class=\"yoast-schema-graph\">{\"@context\":\"https:\/\/schema.org\",\"@graph\":[{\"@type\":\"WebPage\",\"@id\":\"https:\/\/somoslegales.es\/ca\/servei\/reserva-lloguer\/\",\"url\":\"https:\/\/somoslegales.es\/ca\/servei\/reserva-lloguer\/\",\"name\":\"Reserva lloguer - Somos Legales\",\"isPartOf\":{\"@id\":\"https:\/\/somoslegales.es\/#website\"},\"primaryImageOfPage\":{\"@id\":\"https:\/\/somoslegales.es\/ca\/servei\/reserva-lloguer\/#primaryimage\"},\"image\":{\"@id\":\"https:\/\/somoslegales.es\/ca\/servei\/reserva-lloguer\/#primaryimage\"},\"thumbnailUrl\":\"https:\/\/somoslegales.es\/wp-content\/uploads\/2021\/09\/reserva-alquiler.jpg\",\"datePublished\":\"2022-01-26T10:03:46+00:00\",\"dateModified\":\"2024-11-14T22:24:26+00:00\",\"breadcrumb\":{\"@id\":\"https:\/\/somoslegales.es\/ca\/servei\/reserva-lloguer\/#breadcrumb\"},\"inLanguage\":\"ca\",\"potentialAction\":[{\"@type\":\"ReadAction\",\"target\":[\"https:\/\/somoslegales.es\/ca\/servei\/reserva-lloguer\/\"]}]},{\"@type\":\"ImageObject\",\"inLanguage\":\"ca\",\"@id\":\"https:\/\/somoslegales.es\/ca\/servei\/reserva-lloguer\/#primaryimage\",\"url\":\"https:\/\/somoslegales.es\/wp-content\/uploads\/2021\/09\/reserva-alquiler.jpg\",\"contentUrl\":\"https:\/\/somoslegales.es\/wp-content\/uploads\/2021\/09\/reserva-alquiler.jpg\",\"width\":484,\"height\":466,\"caption\":\"Somos Legales\"},{\"@type\":\"BreadcrumbList\",\"@id\":\"https:\/\/somoslegales.es\/ca\/servei\/reserva-lloguer\/#breadcrumb\",\"itemListElement\":[{\"@type\":\"ListItem\",\"position\":1,\"name\":\"Portada\",\"item\":\"https:\/\/somoslegales.es\/\"},{\"@type\":\"ListItem\",\"position\":2,\"name\":\"Botiga\",\"item\":\"https:\/\/somoslegales.es\/ca\/botiga\/\"},{\"@type\":\"ListItem\",\"position\":3,\"name\":\"Reserva lloguer\"}]},{\"@type\":\"WebSite\",\"@id\":\"https:\/\/somoslegales.es\/#website\",\"url\":\"https:\/\/somoslegales.es\/\",\"name\":\"Somos Legales\",\"description\":\"Tu inmobiliaria en Barcelona\",\"potentialAction\":[{\"@type\":\"SearchAction\",\"target\":{\"@type\":\"EntryPoint\",\"urlTemplate\":\"https:\/\/somoslegales.es\/?s={search_term_string}\"},\"query-input\":{\"@type\":\"PropertyValueSpecification\",\"valueRequired\":true,\"valueName\":\"search_term_string\"}}],\"inLanguage\":\"ca\"}]}<\/script>\n<!-- \/ Yoast SEO plugin. -->","yoast_head_json":{"title":"Reserva lloguer - Somos Legales","robots":{"index":"index","follow":"follow","max-snippet":"max-snippet:-1","max-image-preview":"max-image-preview:large","max-video-preview":"max-video-preview:-1"},"canonical":"https:\/\/somoslegales.es\/ca\/servei\/reserva-lloguer\/","og_locale":"ca_ES","og_type":"article","og_title":"Reserva lloguer - Somos Legales","og_description":"Abans de reservar, assegura't de con\u00e8ixer les condicions generals del contracte d'arrendament i les despeses derivades de la intermediaci\u00f3 immobili\u00e0ria. La reserva queda supeditada a l'aprovaci\u00f3 del estudi de la solv\u00e8ncia.","og_url":"https:\/\/somoslegales.es\/ca\/servei\/reserva-lloguer\/","og_site_name":"Somos Legales","article_modified_time":"2024-11-14T22:24:26+00:00","og_image":[{"width":484,"height":466,"url":"https:\/\/somoslegales.es\/wp-content\/uploads\/2021\/09\/reserva-alquiler.jpg","type":"image\/jpeg"}],"twitter_card":"summary_large_image","schema":{"@context":"https:\/\/schema.org","@graph":[{"@type":"WebPage","@id":"https:\/\/somoslegales.es\/ca\/servei\/reserva-lloguer\/","url":"https:\/\/somoslegales.es\/ca\/servei\/reserva-lloguer\/","name":"Reserva lloguer - Somos Legales","isPartOf":{"@id":"https:\/\/somoslegales.es\/#website"},"primaryImageOfPage":{"@id":"https:\/\/somoslegales.es\/ca\/servei\/reserva-lloguer\/#primaryimage"},"image":{"@id":"https:\/\/somoslegales.es\/ca\/servei\/reserva-lloguer\/#primaryimage"},"thumbnailUrl":"https:\/\/somoslegales.es\/wp-content\/uploads\/2021\/09\/reserva-alquiler.jpg","datePublished":"2022-01-26T10:03:46+00:00","dateModified":"2024-11-14T22:24:26+00:00","breadcrumb":{"@id":"https:\/\/somoslegales.es\/ca\/servei\/reserva-lloguer\/#breadcrumb"},"inLanguage":"ca","potentialAction":[{"@type":"ReadAction","target":["https:\/\/somoslegales.es\/ca\/servei\/reserva-lloguer\/"]}]},{"@type":"ImageObject","inLanguage":"ca","@id":"https:\/\/somoslegales.es\/ca\/servei\/reserva-lloguer\/#primaryimage","url":"https:\/\/somoslegales.es\/wp-content\/uploads\/2021\/09\/reserva-alquiler.jpg","contentUrl":"https:\/\/somoslegales.es\/wp-content\/uploads\/2021\/09\/reserva-alquiler.jpg","width":484,"height":466,"caption":"Somos Legales"},{"@type":"BreadcrumbList","@id":"https:\/\/somoslegales.es\/ca\/servei\/reserva-lloguer\/#breadcrumb","itemListElement":[{"@type":"ListItem","position":1,"name":"Portada","item":"https:\/\/somoslegales.es\/"},{"@type":"ListItem","position":2,"name":"Botiga","item":"https:\/\/somoslegales.es\/ca\/botiga\/"},{"@type":"ListItem","position":3,"name":"Reserva lloguer"}]},{"@type":"WebSite","@id":"https:\/\/somoslegales.es\/#website","url":"https:\/\/somoslegales.es\/","name":"Somos Legales","description":"Tu inmobiliaria en Barcelona","potentialAction":[{"@type":"SearchAction","target":{"@type":"EntryPoint","urlTemplate":"https:\/\/somoslegales.es\/?s={search_term_string}"},"query-input":{"@type":"PropertyValueSpecification","valueRequired":true,"valueName":"search_term_string"}}],"inLanguage":"ca"}]}},"_links":{"self":[{"href":"https:\/\/somoslegales.es\/ca\/wp-json\/wp\/v2\/product\/3864","targetHints":{"allow":["GET"]}}],"collection":[{"href":"https:\/\/somoslegales.es\/ca\/wp-json\/wp\/v2\/product"}],"about":[{"href":"https:\/\/somoslegales.es\/ca\/wp-json\/wp\/v2\/types\/product"}],"version-history":[{"count":3,"href":"https:\/\/somoslegales.es\/ca\/wp-json\/wp\/v2\/product\/3864\/revisions"}],"predecessor-version":[{"id":4766,"href":"https:\/\/somoslegales.es\/ca\/wp-json\/wp\/v2\/product\/3864\/revisions\/4766"}],"wp:featuredmedia":[{"embeddable":true,"href":"https:\/\/somoslegales.es\/ca\/wp-json\/wp\/v2\/media\/1525"}],"wp:attachment":[{"href":"https:\/\/somoslegales.es\/ca\/wp-json\/wp\/v2\/media?parent=3864"}],"wp:term":[{"taxonomy":"product_cat","embeddable":true,"href":"https:\/\/somoslegales.es\/ca\/wp-json\/wp\/v2\/product_cat?post=3864"},{"taxonomy":"product_tag","embeddable":true,"href":"https:\/\/somoslegales.es\/ca\/wp-json\/wp\/v2\/product_tag?post=3864"}],"curies":[{"name":"wp","href":"https:\/\/api.w.org\/{rel}","templated":true}]}}