{"id":3868,"date":"2021-08-31T09:19:07","date_gmt":"2022-01-26T10:11:41","guid":{"rendered":"https:\/\/somoslegales.es\/servicio\/desnonaments\/"},"modified":"2024-11-15T20:03:34","modified_gmt":"2024-11-15T19:03:34","slug":"desnonaments","status":"publish","type":"product","link":"https:\/\/somoslegales.es\/ca\/servei\/desnonaments\/","title":{"rendered":"Desnonaments"},"content":{"rendered":"","protected":false},"excerpt":{"rendered":"<p>El teu llogater ha deixat de pagar-te i es nega a lliurar-te les claus? Si no saps qu\u00e8 fer per recuperar la possessi\u00f3 del teu immoble posa&#8217;t a les nostres mans i t&#8217;ajudarem amb tots els tr\u00e0mits relatius al desnonament perqu\u00e8 puguis tornar a disposar de la teva propietat.<\/p>\n","protected":false},"featured_media":1365,"template":"","meta":[],"product_cat":[115],"product_tag":[104],"class_list":{"0":"post-3868","1":"product","2":"type-product","3":"status-publish","4":"has-post-thumbnail","6":"product_cat-assessorament-juridic","7":"product_tag-informacio","8":"sales-flash-overlay","9":"woocommerce-text-align-center","10":"woocommerce-image-align-center","11":"do-quantity-buttons","13":"first","14":"instock","15":"taxable","16":"shipping-taxable","17":"product-type-simple"},"yoast_head":"<!-- This site is optimized with the Yoast SEO plugin v23.8 - https:\/\/yoast.com\/wordpress\/plugins\/seo\/ -->\n<title>Desnonaments - Somos Legales<\/title>\n<meta name=\"description\" content=\"Si no saps qu\u00e8 fer per recuperar la possessi\u00f3 del teu immoble posa&#039;t a les nostres mans i t&#039;ajudarem amb el desnonament.\" \/>\n<meta name=\"robots\" content=\"index, follow, max-snippet:-1, max-image-preview:large, max-video-preview:-1\" \/>\n<link rel=\"canonical\" href=\"https:\/\/somoslegales.es\/ca\/servei\/desnonaments\/\" \/>\n<meta property=\"og:locale\" content=\"ca_ES\" \/>\n<meta property=\"og:type\" content=\"article\" \/>\n<meta property=\"og:title\" content=\"Desnonaments - Somos Legales\" \/>\n<meta property=\"og:description\" content=\"Si no saps qu\u00e8 fer per recuperar la possessi\u00f3 del teu immoble posa&#039;t a les nostres mans i t&#039;ajudarem amb el desnonament.\" \/>\n<meta property=\"og:url\" content=\"https:\/\/somoslegales.es\/ca\/servei\/desnonaments\/\" \/>\n<meta property=\"og:site_name\" content=\"Somos Legales\" \/>\n<meta property=\"article:modified_time\" content=\"2024-11-15T19:03:34+00:00\" \/>\n<meta property=\"og:image\" content=\"https:\/\/somoslegales.es\/wp-content\/uploads\/2021\/08\/desahucios.jpg\" \/>\n\t<meta property=\"og:image:width\" content=\"968\" \/>\n\t<meta property=\"og:image:height\" content=\"931\" \/>\n\t<meta property=\"og:image:type\" content=\"image\/jpeg\" \/>\n<meta name=\"twitter:card\" content=\"summary_large_image\" \/>\n<script type=\"application\/ld+json\" class=\"yoast-schema-graph\">{\"@context\":\"https:\/\/schema.org\",\"@graph\":[{\"@type\":\"WebPage\",\"@id\":\"https:\/\/somoslegales.es\/ca\/servei\/desnonaments\/\",\"url\":\"https:\/\/somoslegales.es\/ca\/servei\/desnonaments\/\",\"name\":\"Desnonaments - Somos Legales\",\"isPartOf\":{\"@id\":\"https:\/\/somoslegales.es\/#website\"},\"primaryImageOfPage\":{\"@id\":\"https:\/\/somoslegales.es\/ca\/servei\/desnonaments\/#primaryimage\"},\"image\":{\"@id\":\"https:\/\/somoslegales.es\/ca\/servei\/desnonaments\/#primaryimage\"},\"thumbnailUrl\":\"https:\/\/somoslegales.es\/wp-content\/uploads\/2021\/08\/desahucios.jpg\",\"datePublished\":\"2022-01-26T10:11:41+00:00\",\"dateModified\":\"2024-11-15T19:03:34+00:00\",\"description\":\"Si no saps qu\u00e8 fer per recuperar la possessi\u00f3 del teu immoble posa't a les nostres mans i t'ajudarem amb el desnonament.\",\"breadcrumb\":{\"@id\":\"https:\/\/somoslegales.es\/ca\/servei\/desnonaments\/#breadcrumb\"},\"inLanguage\":\"ca\",\"potentialAction\":[{\"@type\":\"ReadAction\",\"target\":[\"https:\/\/somoslegales.es\/ca\/servei\/desnonaments\/\"]}]},{\"@type\":\"ImageObject\",\"inLanguage\":\"ca\",\"@id\":\"https:\/\/somoslegales.es\/ca\/servei\/desnonaments\/#primaryimage\",\"url\":\"https:\/\/somoslegales.es\/wp-content\/uploads\/2021\/08\/desahucios.jpg\",\"contentUrl\":\"https:\/\/somoslegales.es\/wp-content\/uploads\/2021\/08\/desahucios.jpg\",\"width\":968,\"height\":931},{\"@type\":\"BreadcrumbList\",\"@id\":\"https:\/\/somoslegales.es\/ca\/servei\/desnonaments\/#breadcrumb\",\"itemListElement\":[{\"@type\":\"ListItem\",\"position\":1,\"name\":\"Portada\",\"item\":\"https:\/\/somoslegales.es\/\"},{\"@type\":\"ListItem\",\"position\":2,\"name\":\"Botiga\",\"item\":\"https:\/\/somoslegales.es\/ca\/botiga\/\"},{\"@type\":\"ListItem\",\"position\":3,\"name\":\"Desnonaments\"}]},{\"@type\":\"WebSite\",\"@id\":\"https:\/\/somoslegales.es\/#website\",\"url\":\"https:\/\/somoslegales.es\/\",\"name\":\"Somos Legales\",\"description\":\"Tu inmobiliaria en Barcelona\",\"potentialAction\":[{\"@type\":\"SearchAction\",\"target\":{\"@type\":\"EntryPoint\",\"urlTemplate\":\"https:\/\/somoslegales.es\/?s={search_term_string}\"},\"query-input\":{\"@type\":\"PropertyValueSpecification\",\"valueRequired\":true,\"valueName\":\"search_term_string\"}}],\"inLanguage\":\"ca\"}]}<\/script>\n<!-- \/ Yoast SEO plugin. -->","yoast_head_json":{"title":"Desnonaments - Somos Legales","description":"Si no saps qu\u00e8 fer per recuperar la possessi\u00f3 del teu immoble posa't a les nostres mans i t'ajudarem amb el desnonament.","robots":{"index":"index","follow":"follow","max-snippet":"max-snippet:-1","max-image-preview":"max-image-preview:large","max-video-preview":"max-video-preview:-1"},"canonical":"https:\/\/somoslegales.es\/ca\/servei\/desnonaments\/","og_locale":"ca_ES","og_type":"article","og_title":"Desnonaments - Somos Legales","og_description":"Si no saps qu\u00e8 fer per recuperar la possessi\u00f3 del teu immoble posa't a les nostres mans i t'ajudarem amb el desnonament.","og_url":"https:\/\/somoslegales.es\/ca\/servei\/desnonaments\/","og_site_name":"Somos Legales","article_modified_time":"2024-11-15T19:03:34+00:00","og_image":[{"width":968,"height":931,"url":"https:\/\/somoslegales.es\/wp-content\/uploads\/2021\/08\/desahucios.jpg","type":"image\/jpeg"}],"twitter_card":"summary_large_image","schema":{"@context":"https:\/\/schema.org","@graph":[{"@type":"WebPage","@id":"https:\/\/somoslegales.es\/ca\/servei\/desnonaments\/","url":"https:\/\/somoslegales.es\/ca\/servei\/desnonaments\/","name":"Desnonaments - Somos Legales","isPartOf":{"@id":"https:\/\/somoslegales.es\/#website"},"primaryImageOfPage":{"@id":"https:\/\/somoslegales.es\/ca\/servei\/desnonaments\/#primaryimage"},"image":{"@id":"https:\/\/somoslegales.es\/ca\/servei\/desnonaments\/#primaryimage"},"thumbnailUrl":"https:\/\/somoslegales.es\/wp-content\/uploads\/2021\/08\/desahucios.jpg","datePublished":"2022-01-26T10:11:41+00:00","dateModified":"2024-11-15T19:03:34+00:00","description":"Si no saps qu\u00e8 fer per recuperar la possessi\u00f3 del teu immoble posa't a les nostres mans i t'ajudarem amb el desnonament.","breadcrumb":{"@id":"https:\/\/somoslegales.es\/ca\/servei\/desnonaments\/#breadcrumb"},"inLanguage":"ca","potentialAction":[{"@type":"ReadAction","target":["https:\/\/somoslegales.es\/ca\/servei\/desnonaments\/"]}]},{"@type":"ImageObject","inLanguage":"ca","@id":"https:\/\/somoslegales.es\/ca\/servei\/desnonaments\/#primaryimage","url":"https:\/\/somoslegales.es\/wp-content\/uploads\/2021\/08\/desahucios.jpg","contentUrl":"https:\/\/somoslegales.es\/wp-content\/uploads\/2021\/08\/desahucios.jpg","width":968,"height":931},{"@type":"BreadcrumbList","@id":"https:\/\/somoslegales.es\/ca\/servei\/desnonaments\/#breadcrumb","itemListElement":[{"@type":"ListItem","position":1,"name":"Portada","item":"https:\/\/somoslegales.es\/"},{"@type":"ListItem","position":2,"name":"Botiga","item":"https:\/\/somoslegales.es\/ca\/botiga\/"},{"@type":"ListItem","position":3,"name":"Desnonaments"}]},{"@type":"WebSite","@id":"https:\/\/somoslegales.es\/#website","url":"https:\/\/somoslegales.es\/","name":"Somos Legales","description":"Tu inmobiliaria en Barcelona","potentialAction":[{"@type":"SearchAction","target":{"@type":"EntryPoint","urlTemplate":"https:\/\/somoslegales.es\/?s={search_term_string}"},"query-input":{"@type":"PropertyValueSpecification","valueRequired":true,"valueName":"search_term_string"}}],"inLanguage":"ca"}]}},"_links":{"self":[{"href":"https:\/\/somoslegales.es\/ca\/wp-json\/wp\/v2\/product\/3868","targetHints":{"allow":["GET"]}}],"collection":[{"href":"https:\/\/somoslegales.es\/ca\/wp-json\/wp\/v2\/product"}],"about":[{"href":"https:\/\/somoslegales.es\/ca\/wp-json\/wp\/v2\/types\/product"}],"version-history":[{"count":1,"href":"https:\/\/somoslegales.es\/ca\/wp-json\/wp\/v2\/product\/3868\/revisions"}],"predecessor-version":[{"id":4096,"href":"https:\/\/somoslegales.es\/ca\/wp-json\/wp\/v2\/product\/3868\/revisions\/4096"}],"wp:featuredmedia":[{"embeddable":true,"href":"https:\/\/somoslegales.es\/ca\/wp-json\/wp\/v2\/media\/1365"}],"wp:attachment":[{"href":"https:\/\/somoslegales.es\/ca\/wp-json\/wp\/v2\/media?parent=3868"}],"wp:term":[{"taxonomy":"product_cat","embeddable":true,"href":"https:\/\/somoslegales.es\/ca\/wp-json\/wp\/v2\/product_cat?post=3868"},{"taxonomy":"product_tag","embeddable":true,"href":"https:\/\/somoslegales.es\/ca\/wp-json\/wp\/v2\/product_tag?post=3868"}],"curies":[{"name":"wp","href":"https:\/\/api.w.org\/{rel}","templated":true}]}}