{"id":3878,"date":"2021-08-31T06:00:34","date_gmt":"2022-01-26T11:30:42","guid":{"rendered":"https:\/\/somoslegales.es\/servicio\/mediacio\/"},"modified":"2022-02-07T00:06:45","modified_gmt":"2022-02-06T23:06:45","slug":"mediacio","status":"publish","type":"product","link":"https:\/\/somoslegales.es\/ca\/servei\/mediacio\/","title":{"rendered":"Mediaci\u00f3"},"content":{"rendered":"","protected":false},"excerpt":{"rendered":"<p>Conflictes immobiliaris? La mediaci\u00f3 \u00e9s un m\u00e8tode alternatiu de resoluci\u00f3 de conflictes, que t\u00e9 com a finalitat arribar a la soluci\u00f3 integral d&#8217;un conflicte entre dues o m\u00e9s parts, evitant aix\u00ed arribar a la inst\u00e0ncia judicial.<\/p>\n","protected":false},"featured_media":1499,"template":"","meta":[],"product_cat":[105],"product_tag":[104],"class_list":{"0":"post-3878","1":"product","2":"type-product","3":"status-publish","4":"has-post-thumbnail","6":"product_cat-sense-categoritzar","7":"product_tag-informacio","8":"sales-flash-overlay","9":"woocommerce-text-align-center","10":"woocommerce-image-align-center","11":"do-quantity-buttons","13":"first","14":"instock","15":"taxable","16":"shipping-taxable","17":"product-type-simple"},"yoast_head":"<!-- This site is optimized with the Yoast SEO plugin v23.8 - https:\/\/yoast.com\/wordpress\/plugins\/seo\/ -->\n<title>Mediaci\u00f3 - Somos Legales<\/title>\n<meta name=\"robots\" content=\"index, follow, max-snippet:-1, max-image-preview:large, max-video-preview:-1\" \/>\n<link rel=\"canonical\" href=\"https:\/\/somoslegales.es\/ca\/servei\/mediacio\/\" \/>\n<meta property=\"og:locale\" content=\"ca_ES\" \/>\n<meta property=\"og:type\" content=\"article\" \/>\n<meta property=\"og:title\" content=\"Mediaci\u00f3 - Somos Legales\" \/>\n<meta property=\"og:description\" content=\"Conflictes immobiliaris? La mediaci\u00f3 \u00e9s un m\u00e8tode alternatiu de resoluci\u00f3 de conflictes, que t\u00e9 com a finalitat arribar a la soluci\u00f3 integral d&#039;un conflicte entre dues o m\u00e9s parts, evitant aix\u00ed arribar a la inst\u00e0ncia judicial.\" \/>\n<meta property=\"og:url\" content=\"https:\/\/somoslegales.es\/ca\/servei\/mediacio\/\" \/>\n<meta property=\"og:site_name\" content=\"Somos Legales\" \/>\n<meta property=\"article:modified_time\" content=\"2022-02-06T23:06:45+00:00\" \/>\n<meta property=\"og:image\" content=\"https:\/\/somoslegales.es\/wp-content\/uploads\/2021\/09\/mediacion.jpg\" \/>\n\t<meta property=\"og:image:width\" content=\"484\" \/>\n\t<meta property=\"og:image:height\" content=\"466\" \/>\n\t<meta property=\"og:image:type\" content=\"image\/jpeg\" \/>\n<meta name=\"twitter:card\" content=\"summary_large_image\" \/>\n<script type=\"application\/ld+json\" class=\"yoast-schema-graph\">{\"@context\":\"https:\/\/schema.org\",\"@graph\":[{\"@type\":\"WebPage\",\"@id\":\"https:\/\/somoslegales.es\/ca\/servei\/mediacio\/\",\"url\":\"https:\/\/somoslegales.es\/ca\/servei\/mediacio\/\",\"name\":\"Mediaci\u00f3 - Somos Legales\",\"isPartOf\":{\"@id\":\"https:\/\/somoslegales.es\/#website\"},\"primaryImageOfPage\":{\"@id\":\"https:\/\/somoslegales.es\/ca\/servei\/mediacio\/#primaryimage\"},\"image\":{\"@id\":\"https:\/\/somoslegales.es\/ca\/servei\/mediacio\/#primaryimage\"},\"thumbnailUrl\":\"https:\/\/somoslegales.es\/wp-content\/uploads\/2021\/09\/mediacion.jpg\",\"datePublished\":\"2022-01-26T11:30:42+00:00\",\"dateModified\":\"2022-02-06T23:06:45+00:00\",\"breadcrumb\":{\"@id\":\"https:\/\/somoslegales.es\/ca\/servei\/mediacio\/#breadcrumb\"},\"inLanguage\":\"ca\",\"potentialAction\":[{\"@type\":\"ReadAction\",\"target\":[\"https:\/\/somoslegales.es\/ca\/servei\/mediacio\/\"]}]},{\"@type\":\"ImageObject\",\"inLanguage\":\"ca\",\"@id\":\"https:\/\/somoslegales.es\/ca\/servei\/mediacio\/#primaryimage\",\"url\":\"https:\/\/somoslegales.es\/wp-content\/uploads\/2021\/09\/mediacion.jpg\",\"contentUrl\":\"https:\/\/somoslegales.es\/wp-content\/uploads\/2021\/09\/mediacion.jpg\",\"width\":484,\"height\":466},{\"@type\":\"BreadcrumbList\",\"@id\":\"https:\/\/somoslegales.es\/ca\/servei\/mediacio\/#breadcrumb\",\"itemListElement\":[{\"@type\":\"ListItem\",\"position\":1,\"name\":\"Portada\",\"item\":\"https:\/\/somoslegales.es\/\"},{\"@type\":\"ListItem\",\"position\":2,\"name\":\"Botiga\",\"item\":\"https:\/\/somoslegales.es\/ca\/botiga\/\"},{\"@type\":\"ListItem\",\"position\":3,\"name\":\"Mediaci\u00f3\"}]},{\"@type\":\"WebSite\",\"@id\":\"https:\/\/somoslegales.es\/#website\",\"url\":\"https:\/\/somoslegales.es\/\",\"name\":\"Somos Legales\",\"description\":\"Tu inmobiliaria en Barcelona\",\"potentialAction\":[{\"@type\":\"SearchAction\",\"target\":{\"@type\":\"EntryPoint\",\"urlTemplate\":\"https:\/\/somoslegales.es\/?s={search_term_string}\"},\"query-input\":{\"@type\":\"PropertyValueSpecification\",\"valueRequired\":true,\"valueName\":\"search_term_string\"}}],\"inLanguage\":\"ca\"}]}<\/script>\n<!-- \/ Yoast SEO plugin. -->","yoast_head_json":{"title":"Mediaci\u00f3 - Somos Legales","robots":{"index":"index","follow":"follow","max-snippet":"max-snippet:-1","max-image-preview":"max-image-preview:large","max-video-preview":"max-video-preview:-1"},"canonical":"https:\/\/somoslegales.es\/ca\/servei\/mediacio\/","og_locale":"ca_ES","og_type":"article","og_title":"Mediaci\u00f3 - Somos Legales","og_description":"Conflictes immobiliaris? La mediaci\u00f3 \u00e9s un m\u00e8tode alternatiu de resoluci\u00f3 de conflictes, que t\u00e9 com a finalitat arribar a la soluci\u00f3 integral d'un conflicte entre dues o m\u00e9s parts, evitant aix\u00ed arribar a la inst\u00e0ncia judicial.","og_url":"https:\/\/somoslegales.es\/ca\/servei\/mediacio\/","og_site_name":"Somos Legales","article_modified_time":"2022-02-06T23:06:45+00:00","og_image":[{"width":484,"height":466,"url":"https:\/\/somoslegales.es\/wp-content\/uploads\/2021\/09\/mediacion.jpg","type":"image\/jpeg"}],"twitter_card":"summary_large_image","schema":{"@context":"https:\/\/schema.org","@graph":[{"@type":"WebPage","@id":"https:\/\/somoslegales.es\/ca\/servei\/mediacio\/","url":"https:\/\/somoslegales.es\/ca\/servei\/mediacio\/","name":"Mediaci\u00f3 - Somos Legales","isPartOf":{"@id":"https:\/\/somoslegales.es\/#website"},"primaryImageOfPage":{"@id":"https:\/\/somoslegales.es\/ca\/servei\/mediacio\/#primaryimage"},"image":{"@id":"https:\/\/somoslegales.es\/ca\/servei\/mediacio\/#primaryimage"},"thumbnailUrl":"https:\/\/somoslegales.es\/wp-content\/uploads\/2021\/09\/mediacion.jpg","datePublished":"2022-01-26T11:30:42+00:00","dateModified":"2022-02-06T23:06:45+00:00","breadcrumb":{"@id":"https:\/\/somoslegales.es\/ca\/servei\/mediacio\/#breadcrumb"},"inLanguage":"ca","potentialAction":[{"@type":"ReadAction","target":["https:\/\/somoslegales.es\/ca\/servei\/mediacio\/"]}]},{"@type":"ImageObject","inLanguage":"ca","@id":"https:\/\/somoslegales.es\/ca\/servei\/mediacio\/#primaryimage","url":"https:\/\/somoslegales.es\/wp-content\/uploads\/2021\/09\/mediacion.jpg","contentUrl":"https:\/\/somoslegales.es\/wp-content\/uploads\/2021\/09\/mediacion.jpg","width":484,"height":466},{"@type":"BreadcrumbList","@id":"https:\/\/somoslegales.es\/ca\/servei\/mediacio\/#breadcrumb","itemListElement":[{"@type":"ListItem","position":1,"name":"Portada","item":"https:\/\/somoslegales.es\/"},{"@type":"ListItem","position":2,"name":"Botiga","item":"https:\/\/somoslegales.es\/ca\/botiga\/"},{"@type":"ListItem","position":3,"name":"Mediaci\u00f3"}]},{"@type":"WebSite","@id":"https:\/\/somoslegales.es\/#website","url":"https:\/\/somoslegales.es\/","name":"Somos Legales","description":"Tu inmobiliaria en Barcelona","potentialAction":[{"@type":"SearchAction","target":{"@type":"EntryPoint","urlTemplate":"https:\/\/somoslegales.es\/?s={search_term_string}"},"query-input":{"@type":"PropertyValueSpecification","valueRequired":true,"valueName":"search_term_string"}}],"inLanguage":"ca"}]}},"_links":{"self":[{"href":"https:\/\/somoslegales.es\/ca\/wp-json\/wp\/v2\/product\/3878","targetHints":{"allow":["GET"]}}],"collection":[{"href":"https:\/\/somoslegales.es\/ca\/wp-json\/wp\/v2\/product"}],"about":[{"href":"https:\/\/somoslegales.es\/ca\/wp-json\/wp\/v2\/types\/product"}],"version-history":[{"count":1,"href":"https:\/\/somoslegales.es\/ca\/wp-json\/wp\/v2\/product\/3878\/revisions"}],"predecessor-version":[{"id":4081,"href":"https:\/\/somoslegales.es\/ca\/wp-json\/wp\/v2\/product\/3878\/revisions\/4081"}],"wp:featuredmedia":[{"embeddable":true,"href":"https:\/\/somoslegales.es\/ca\/wp-json\/wp\/v2\/media\/1499"}],"wp:attachment":[{"href":"https:\/\/somoslegales.es\/ca\/wp-json\/wp\/v2\/media?parent=3878"}],"wp:term":[{"taxonomy":"product_cat","embeddable":true,"href":"https:\/\/somoslegales.es\/ca\/wp-json\/wp\/v2\/product_cat?post=3878"},{"taxonomy":"product_tag","embeddable":true,"href":"https:\/\/somoslegales.es\/ca\/wp-json\/wp\/v2\/product_tag?post=3878"}],"curies":[{"name":"wp","href":"https:\/\/api.w.org\/{rel}","templated":true}]}}