{"id":3879,"date":"2021-08-31T13:00:33","date_gmt":"2022-01-26T11:32:08","guid":{"rendered":"https:\/\/somoslegales.es\/servicio\/assessorament-energetic\/"},"modified":"2024-11-14T23:26:34","modified_gmt":"2024-11-14T22:26:34","slug":"assessorament-energetic","status":"publish","type":"product","link":"https:\/\/somoslegales.es\/ca\/servei\/assessorament-energetic\/","title":{"rendered":"Assessorament energ\u00e8tic"},"content":{"rendered":"","protected":false},"excerpt":{"rendered":"<p>Una mudan\u00e7a genera molta feina i el que menys et ve de gust \u00e9s la paperassa de donar d&#8217;alta o canviar el titular del subministrament de llum i de gas. Nosaltres ho fem per tu i sense cap cost!<\/p>\n","protected":false},"featured_media":1322,"template":"","meta":[],"product_cat":[107],"product_tag":[108],"class_list":{"0":"post-3879","1":"product","2":"type-product","3":"status-publish","4":"has-post-thumbnail","6":"product_cat-serveis-gratuits","7":"product_tag-servei-gratuit","8":"sales-flash-overlay","9":"woocommerce-text-align-center","10":"woocommerce-image-align-center","11":"do-quantity-buttons","13":"first","14":"instock","15":"taxable","16":"shipping-taxable","17":"product-type-simple"},"yoast_head":"<!-- This site is optimized with the Yoast SEO plugin v23.8 - https:\/\/yoast.com\/wordpress\/plugins\/seo\/ -->\n<title>Assessorament energ\u00e8tic - Somos Legales<\/title>\n<meta name=\"description\" content=\"Tramitem l&#039;alta o canvi de titular dels subministraments de llum i gas. Tamb\u00e9 et podem oferir una millor tarifa fent una comparativa.\" \/>\n<meta name=\"robots\" content=\"index, follow, max-snippet:-1, max-image-preview:large, max-video-preview:-1\" \/>\n<link rel=\"canonical\" href=\"https:\/\/somoslegales.es\/ca\/servei\/assessorament-energetic\/\" \/>\n<meta property=\"og:locale\" content=\"ca_ES\" \/>\n<meta property=\"og:type\" content=\"article\" \/>\n<meta property=\"og:title\" content=\"Assessorament energ\u00e8tic - Somos Legales\" \/>\n<meta property=\"og:description\" content=\"Tramitem l&#039;alta o canvi de titular dels subministraments de llum i gas. Tamb\u00e9 et podem oferir una millor tarifa fent una comparativa.\" \/>\n<meta property=\"og:url\" content=\"https:\/\/somoslegales.es\/ca\/servei\/assessorament-energetic\/\" \/>\n<meta property=\"og:site_name\" content=\"Somos Legales\" \/>\n<meta property=\"article:modified_time\" content=\"2024-11-14T22:26:34+00:00\" \/>\n<meta property=\"og:image\" content=\"https:\/\/somoslegales.es\/wp-content\/uploads\/2021\/08\/asesoramiento-energetico.jpg\" \/>\n\t<meta property=\"og:image:width\" content=\"968\" \/>\n\t<meta property=\"og:image:height\" content=\"931\" \/>\n\t<meta property=\"og:image:type\" content=\"image\/jpeg\" \/>\n<meta name=\"twitter:card\" content=\"summary_large_image\" \/>\n<script type=\"application\/ld+json\" class=\"yoast-schema-graph\">{\"@context\":\"https:\/\/schema.org\",\"@graph\":[{\"@type\":\"WebPage\",\"@id\":\"https:\/\/somoslegales.es\/ca\/servei\/assessorament-energetic\/\",\"url\":\"https:\/\/somoslegales.es\/ca\/servei\/assessorament-energetic\/\",\"name\":\"Assessorament energ\u00e8tic - Somos Legales\",\"isPartOf\":{\"@id\":\"https:\/\/somoslegales.es\/#website\"},\"primaryImageOfPage\":{\"@id\":\"https:\/\/somoslegales.es\/ca\/servei\/assessorament-energetic\/#primaryimage\"},\"image\":{\"@id\":\"https:\/\/somoslegales.es\/ca\/servei\/assessorament-energetic\/#primaryimage\"},\"thumbnailUrl\":\"https:\/\/somoslegales.es\/wp-content\/uploads\/2021\/08\/asesoramiento-energetico.jpg\",\"datePublished\":\"2022-01-26T11:32:08+00:00\",\"dateModified\":\"2024-11-14T22:26:34+00:00\",\"description\":\"Tramitem l'alta o canvi de titular dels subministraments de llum i gas. Tamb\u00e9 et podem oferir una millor tarifa fent una comparativa.\",\"breadcrumb\":{\"@id\":\"https:\/\/somoslegales.es\/ca\/servei\/assessorament-energetic\/#breadcrumb\"},\"inLanguage\":\"ca\",\"potentialAction\":[{\"@type\":\"ReadAction\",\"target\":[\"https:\/\/somoslegales.es\/ca\/servei\/assessorament-energetic\/\"]}]},{\"@type\":\"ImageObject\",\"inLanguage\":\"ca\",\"@id\":\"https:\/\/somoslegales.es\/ca\/servei\/assessorament-energetic\/#primaryimage\",\"url\":\"https:\/\/somoslegales.es\/wp-content\/uploads\/2021\/08\/asesoramiento-energetico.jpg\",\"contentUrl\":\"https:\/\/somoslegales.es\/wp-content\/uploads\/2021\/08\/asesoramiento-energetico.jpg\",\"width\":968,\"height\":931},{\"@type\":\"BreadcrumbList\",\"@id\":\"https:\/\/somoslegales.es\/ca\/servei\/assessorament-energetic\/#breadcrumb\",\"itemListElement\":[{\"@type\":\"ListItem\",\"position\":1,\"name\":\"Portada\",\"item\":\"https:\/\/somoslegales.es\/\"},{\"@type\":\"ListItem\",\"position\":2,\"name\":\"Botiga\",\"item\":\"https:\/\/somoslegales.es\/ca\/botiga\/\"},{\"@type\":\"ListItem\",\"position\":3,\"name\":\"Assessorament energ\u00e8tic\"}]},{\"@type\":\"WebSite\",\"@id\":\"https:\/\/somoslegales.es\/#website\",\"url\":\"https:\/\/somoslegales.es\/\",\"name\":\"Somos Legales\",\"description\":\"Tu inmobiliaria en Barcelona\",\"potentialAction\":[{\"@type\":\"SearchAction\",\"target\":{\"@type\":\"EntryPoint\",\"urlTemplate\":\"https:\/\/somoslegales.es\/?s={search_term_string}\"},\"query-input\":{\"@type\":\"PropertyValueSpecification\",\"valueRequired\":true,\"valueName\":\"search_term_string\"}}],\"inLanguage\":\"ca\"}]}<\/script>\n<!-- \/ Yoast SEO plugin. -->","yoast_head_json":{"title":"Assessorament energ\u00e8tic - Somos Legales","description":"Tramitem l'alta o canvi de titular dels subministraments de llum i gas. Tamb\u00e9 et podem oferir una millor tarifa fent una comparativa.","robots":{"index":"index","follow":"follow","max-snippet":"max-snippet:-1","max-image-preview":"max-image-preview:large","max-video-preview":"max-video-preview:-1"},"canonical":"https:\/\/somoslegales.es\/ca\/servei\/assessorament-energetic\/","og_locale":"ca_ES","og_type":"article","og_title":"Assessorament energ\u00e8tic - Somos Legales","og_description":"Tramitem l'alta o canvi de titular dels subministraments de llum i gas. Tamb\u00e9 et podem oferir una millor tarifa fent una comparativa.","og_url":"https:\/\/somoslegales.es\/ca\/servei\/assessorament-energetic\/","og_site_name":"Somos Legales","article_modified_time":"2024-11-14T22:26:34+00:00","og_image":[{"width":968,"height":931,"url":"https:\/\/somoslegales.es\/wp-content\/uploads\/2021\/08\/asesoramiento-energetico.jpg","type":"image\/jpeg"}],"twitter_card":"summary_large_image","schema":{"@context":"https:\/\/schema.org","@graph":[{"@type":"WebPage","@id":"https:\/\/somoslegales.es\/ca\/servei\/assessorament-energetic\/","url":"https:\/\/somoslegales.es\/ca\/servei\/assessorament-energetic\/","name":"Assessorament energ\u00e8tic - Somos Legales","isPartOf":{"@id":"https:\/\/somoslegales.es\/#website"},"primaryImageOfPage":{"@id":"https:\/\/somoslegales.es\/ca\/servei\/assessorament-energetic\/#primaryimage"},"image":{"@id":"https:\/\/somoslegales.es\/ca\/servei\/assessorament-energetic\/#primaryimage"},"thumbnailUrl":"https:\/\/somoslegales.es\/wp-content\/uploads\/2021\/08\/asesoramiento-energetico.jpg","datePublished":"2022-01-26T11:32:08+00:00","dateModified":"2024-11-14T22:26:34+00:00","description":"Tramitem l'alta o canvi de titular dels subministraments de llum i gas. Tamb\u00e9 et podem oferir una millor tarifa fent una comparativa.","breadcrumb":{"@id":"https:\/\/somoslegales.es\/ca\/servei\/assessorament-energetic\/#breadcrumb"},"inLanguage":"ca","potentialAction":[{"@type":"ReadAction","target":["https:\/\/somoslegales.es\/ca\/servei\/assessorament-energetic\/"]}]},{"@type":"ImageObject","inLanguage":"ca","@id":"https:\/\/somoslegales.es\/ca\/servei\/assessorament-energetic\/#primaryimage","url":"https:\/\/somoslegales.es\/wp-content\/uploads\/2021\/08\/asesoramiento-energetico.jpg","contentUrl":"https:\/\/somoslegales.es\/wp-content\/uploads\/2021\/08\/asesoramiento-energetico.jpg","width":968,"height":931},{"@type":"BreadcrumbList","@id":"https:\/\/somoslegales.es\/ca\/servei\/assessorament-energetic\/#breadcrumb","itemListElement":[{"@type":"ListItem","position":1,"name":"Portada","item":"https:\/\/somoslegales.es\/"},{"@type":"ListItem","position":2,"name":"Botiga","item":"https:\/\/somoslegales.es\/ca\/botiga\/"},{"@type":"ListItem","position":3,"name":"Assessorament energ\u00e8tic"}]},{"@type":"WebSite","@id":"https:\/\/somoslegales.es\/#website","url":"https:\/\/somoslegales.es\/","name":"Somos Legales","description":"Tu inmobiliaria en Barcelona","potentialAction":[{"@type":"SearchAction","target":{"@type":"EntryPoint","urlTemplate":"https:\/\/somoslegales.es\/?s={search_term_string}"},"query-input":{"@type":"PropertyValueSpecification","valueRequired":true,"valueName":"search_term_string"}}],"inLanguage":"ca"}]}},"_links":{"self":[{"href":"https:\/\/somoslegales.es\/ca\/wp-json\/wp\/v2\/product\/3879","targetHints":{"allow":["GET"]}}],"collection":[{"href":"https:\/\/somoslegales.es\/ca\/wp-json\/wp\/v2\/product"}],"about":[{"href":"https:\/\/somoslegales.es\/ca\/wp-json\/wp\/v2\/types\/product"}],"version-history":[{"count":1,"href":"https:\/\/somoslegales.es\/ca\/wp-json\/wp\/v2\/product\/3879\/revisions"}],"predecessor-version":[{"id":4080,"href":"https:\/\/somoslegales.es\/ca\/wp-json\/wp\/v2\/product\/3879\/revisions\/4080"}],"wp:featuredmedia":[{"embeddable":true,"href":"https:\/\/somoslegales.es\/ca\/wp-json\/wp\/v2\/media\/1322"}],"wp:attachment":[{"href":"https:\/\/somoslegales.es\/ca\/wp-json\/wp\/v2\/media?parent=3879"}],"wp:term":[{"taxonomy":"product_cat","embeddable":true,"href":"https:\/\/somoslegales.es\/ca\/wp-json\/wp\/v2\/product_cat?post=3879"},{"taxonomy":"product_tag","embeddable":true,"href":"https:\/\/somoslegales.es\/ca\/wp-json\/wp\/v2\/product_tag?post=3879"}],"curies":[{"name":"wp","href":"https:\/\/api.w.org\/{rel}","templated":true}]}}