{"id":3880,"date":"2021-08-31T12:00:51","date_gmt":"2022-01-26T11:33:12","guid":{"rendered":"https:\/\/somoslegales.es\/servicio\/assessorament-financer-hipoteques\/"},"modified":"2022-02-10T20:21:54","modified_gmt":"2022-02-10T19:21:54","slug":"assessorament-financer-hipoteques","status":"publish","type":"product","link":"https:\/\/somoslegales.es\/ca\/servei\/assessorament-financer-hipoteques\/","title":{"rendered":"Assessorament financer (hipoteques)"},"content":{"rendered":"","protected":false},"excerpt":{"rendered":"<p>T&#8217;agradaria comprar un immoble, per\u00f2 no saps si et concedirien una hipoteca? O simplement vols comparar condicions amb el teu banc? \u00c9s millor inter\u00e8s fix o variable?<\/p>\n","protected":false},"featured_media":1305,"template":"","meta":[],"product_cat":[107],"product_tag":[108],"class_list":{"0":"post-3880","1":"product","2":"type-product","3":"status-publish","4":"has-post-thumbnail","6":"product_cat-serveis-gratuits","7":"product_tag-servei-gratuit","8":"sales-flash-overlay","9":"woocommerce-text-align-center","10":"woocommerce-image-align-center","11":"do-quantity-buttons","13":"first","14":"instock","15":"taxable","16":"shipping-taxable","17":"product-type-simple"},"yoast_head":"<!-- This site is optimized with the Yoast SEO plugin v23.8 - https:\/\/yoast.com\/wordpress\/plugins\/seo\/ -->\n<title>Assessorament financer (hipoteques) - Somos Legales<\/title>\n<meta name=\"description\" content=\"T&#039;oferim assessorament financer (hipoteques), comparem les principals entitats financeres per donar-te les millors condicions.\" \/>\n<meta name=\"robots\" content=\"index, follow, max-snippet:-1, max-image-preview:large, max-video-preview:-1\" \/>\n<link rel=\"canonical\" href=\"https:\/\/somoslegales.es\/ca\/servei\/assessorament-financer-hipoteques\/\" \/>\n<meta property=\"og:locale\" content=\"ca_ES\" \/>\n<meta property=\"og:type\" content=\"article\" \/>\n<meta property=\"og:title\" content=\"Assessorament financer (hipoteques) - Somos Legales\" \/>\n<meta property=\"og:description\" content=\"T&#039;oferim assessorament financer (hipoteques), comparem les principals entitats financeres per donar-te les millors condicions.\" \/>\n<meta property=\"og:url\" content=\"https:\/\/somoslegales.es\/ca\/servei\/assessorament-financer-hipoteques\/\" \/>\n<meta property=\"og:site_name\" content=\"Somos Legales\" \/>\n<meta property=\"article:modified_time\" content=\"2022-02-10T19:21:54+00:00\" \/>\n<meta property=\"og:image\" content=\"https:\/\/somoslegales.es\/wp-content\/uploads\/2021\/08\/asesoramiento-financiero.jpg\" \/>\n\t<meta property=\"og:image:width\" content=\"968\" \/>\n\t<meta property=\"og:image:height\" content=\"931\" \/>\n\t<meta property=\"og:image:type\" content=\"image\/jpeg\" \/>\n<meta name=\"twitter:card\" content=\"summary_large_image\" \/>\n<script type=\"application\/ld+json\" class=\"yoast-schema-graph\">{\"@context\":\"https:\/\/schema.org\",\"@graph\":[{\"@type\":\"WebPage\",\"@id\":\"https:\/\/somoslegales.es\/ca\/servei\/assessorament-financer-hipoteques\/\",\"url\":\"https:\/\/somoslegales.es\/ca\/servei\/assessorament-financer-hipoteques\/\",\"name\":\"Assessorament financer (hipoteques) - Somos Legales\",\"isPartOf\":{\"@id\":\"https:\/\/somoslegales.es\/#website\"},\"primaryImageOfPage\":{\"@id\":\"https:\/\/somoslegales.es\/ca\/servei\/assessorament-financer-hipoteques\/#primaryimage\"},\"image\":{\"@id\":\"https:\/\/somoslegales.es\/ca\/servei\/assessorament-financer-hipoteques\/#primaryimage\"},\"thumbnailUrl\":\"https:\/\/somoslegales.es\/wp-content\/uploads\/2021\/08\/asesoramiento-financiero.jpg\",\"datePublished\":\"2022-01-26T11:33:12+00:00\",\"dateModified\":\"2022-02-10T19:21:54+00:00\",\"description\":\"T'oferim assessorament financer (hipoteques), comparem les principals entitats financeres per donar-te les millors condicions.\",\"breadcrumb\":{\"@id\":\"https:\/\/somoslegales.es\/ca\/servei\/assessorament-financer-hipoteques\/#breadcrumb\"},\"inLanguage\":\"ca\",\"potentialAction\":[{\"@type\":\"ReadAction\",\"target\":[\"https:\/\/somoslegales.es\/ca\/servei\/assessorament-financer-hipoteques\/\"]}]},{\"@type\":\"ImageObject\",\"inLanguage\":\"ca\",\"@id\":\"https:\/\/somoslegales.es\/ca\/servei\/assessorament-financer-hipoteques\/#primaryimage\",\"url\":\"https:\/\/somoslegales.es\/wp-content\/uploads\/2021\/08\/asesoramiento-financiero.jpg\",\"contentUrl\":\"https:\/\/somoslegales.es\/wp-content\/uploads\/2021\/08\/asesoramiento-financiero.jpg\",\"width\":968,\"height\":931},{\"@type\":\"BreadcrumbList\",\"@id\":\"https:\/\/somoslegales.es\/ca\/servei\/assessorament-financer-hipoteques\/#breadcrumb\",\"itemListElement\":[{\"@type\":\"ListItem\",\"position\":1,\"name\":\"Portada\",\"item\":\"https:\/\/somoslegales.es\/\"},{\"@type\":\"ListItem\",\"position\":2,\"name\":\"Botiga\",\"item\":\"https:\/\/somoslegales.es\/ca\/botiga\/\"},{\"@type\":\"ListItem\",\"position\":3,\"name\":\"Assessorament financer (hipoteques)\"}]},{\"@type\":\"WebSite\",\"@id\":\"https:\/\/somoslegales.es\/#website\",\"url\":\"https:\/\/somoslegales.es\/\",\"name\":\"Somos Legales\",\"description\":\"Tu inmobiliaria en Barcelona\",\"potentialAction\":[{\"@type\":\"SearchAction\",\"target\":{\"@type\":\"EntryPoint\",\"urlTemplate\":\"https:\/\/somoslegales.es\/?s={search_term_string}\"},\"query-input\":{\"@type\":\"PropertyValueSpecification\",\"valueRequired\":true,\"valueName\":\"search_term_string\"}}],\"inLanguage\":\"ca\"}]}<\/script>\n<!-- \/ Yoast SEO plugin. -->","yoast_head_json":{"title":"Assessorament financer (hipoteques) - Somos Legales","description":"T'oferim assessorament financer (hipoteques), comparem les principals entitats financeres per donar-te les millors condicions.","robots":{"index":"index","follow":"follow","max-snippet":"max-snippet:-1","max-image-preview":"max-image-preview:large","max-video-preview":"max-video-preview:-1"},"canonical":"https:\/\/somoslegales.es\/ca\/servei\/assessorament-financer-hipoteques\/","og_locale":"ca_ES","og_type":"article","og_title":"Assessorament financer (hipoteques) - Somos Legales","og_description":"T'oferim assessorament financer (hipoteques), comparem les principals entitats financeres per donar-te les millors condicions.","og_url":"https:\/\/somoslegales.es\/ca\/servei\/assessorament-financer-hipoteques\/","og_site_name":"Somos Legales","article_modified_time":"2022-02-10T19:21:54+00:00","og_image":[{"width":968,"height":931,"url":"https:\/\/somoslegales.es\/wp-content\/uploads\/2021\/08\/asesoramiento-financiero.jpg","type":"image\/jpeg"}],"twitter_card":"summary_large_image","schema":{"@context":"https:\/\/schema.org","@graph":[{"@type":"WebPage","@id":"https:\/\/somoslegales.es\/ca\/servei\/assessorament-financer-hipoteques\/","url":"https:\/\/somoslegales.es\/ca\/servei\/assessorament-financer-hipoteques\/","name":"Assessorament financer (hipoteques) - Somos Legales","isPartOf":{"@id":"https:\/\/somoslegales.es\/#website"},"primaryImageOfPage":{"@id":"https:\/\/somoslegales.es\/ca\/servei\/assessorament-financer-hipoteques\/#primaryimage"},"image":{"@id":"https:\/\/somoslegales.es\/ca\/servei\/assessorament-financer-hipoteques\/#primaryimage"},"thumbnailUrl":"https:\/\/somoslegales.es\/wp-content\/uploads\/2021\/08\/asesoramiento-financiero.jpg","datePublished":"2022-01-26T11:33:12+00:00","dateModified":"2022-02-10T19:21:54+00:00","description":"T'oferim assessorament financer (hipoteques), comparem les principals entitats financeres per donar-te les millors condicions.","breadcrumb":{"@id":"https:\/\/somoslegales.es\/ca\/servei\/assessorament-financer-hipoteques\/#breadcrumb"},"inLanguage":"ca","potentialAction":[{"@type":"ReadAction","target":["https:\/\/somoslegales.es\/ca\/servei\/assessorament-financer-hipoteques\/"]}]},{"@type":"ImageObject","inLanguage":"ca","@id":"https:\/\/somoslegales.es\/ca\/servei\/assessorament-financer-hipoteques\/#primaryimage","url":"https:\/\/somoslegales.es\/wp-content\/uploads\/2021\/08\/asesoramiento-financiero.jpg","contentUrl":"https:\/\/somoslegales.es\/wp-content\/uploads\/2021\/08\/asesoramiento-financiero.jpg","width":968,"height":931},{"@type":"BreadcrumbList","@id":"https:\/\/somoslegales.es\/ca\/servei\/assessorament-financer-hipoteques\/#breadcrumb","itemListElement":[{"@type":"ListItem","position":1,"name":"Portada","item":"https:\/\/somoslegales.es\/"},{"@type":"ListItem","position":2,"name":"Botiga","item":"https:\/\/somoslegales.es\/ca\/botiga\/"},{"@type":"ListItem","position":3,"name":"Assessorament financer (hipoteques)"}]},{"@type":"WebSite","@id":"https:\/\/somoslegales.es\/#website","url":"https:\/\/somoslegales.es\/","name":"Somos Legales","description":"Tu inmobiliaria en Barcelona","potentialAction":[{"@type":"SearchAction","target":{"@type":"EntryPoint","urlTemplate":"https:\/\/somoslegales.es\/?s={search_term_string}"},"query-input":{"@type":"PropertyValueSpecification","valueRequired":true,"valueName":"search_term_string"}}],"inLanguage":"ca"}]}},"_links":{"self":[{"href":"https:\/\/somoslegales.es\/ca\/wp-json\/wp\/v2\/product\/3880","targetHints":{"allow":["GET"]}}],"collection":[{"href":"https:\/\/somoslegales.es\/ca\/wp-json\/wp\/v2\/product"}],"about":[{"href":"https:\/\/somoslegales.es\/ca\/wp-json\/wp\/v2\/types\/product"}],"version-history":[{"count":1,"href":"https:\/\/somoslegales.es\/ca\/wp-json\/wp\/v2\/product\/3880\/revisions"}],"predecessor-version":[{"id":4079,"href":"https:\/\/somoslegales.es\/ca\/wp-json\/wp\/v2\/product\/3880\/revisions\/4079"}],"wp:featuredmedia":[{"embeddable":true,"href":"https:\/\/somoslegales.es\/ca\/wp-json\/wp\/v2\/media\/1305"}],"wp:attachment":[{"href":"https:\/\/somoslegales.es\/ca\/wp-json\/wp\/v2\/media?parent=3880"}],"wp:term":[{"taxonomy":"product_cat","embeddable":true,"href":"https:\/\/somoslegales.es\/ca\/wp-json\/wp\/v2\/product_cat?post=3880"},{"taxonomy":"product_tag","embeddable":true,"href":"https:\/\/somoslegales.es\/ca\/wp-json\/wp\/v2\/product_tag?post=3880"}],"curies":[{"name":"wp","href":"https:\/\/api.w.org\/{rel}","templated":true}]}}