{"id":3884,"date":"2021-09-01T10:00:42","date_gmt":"2022-01-26T11:38:19","guid":{"rendered":"https:\/\/somoslegales.es\/servicio\/planol\/"},"modified":"2024-11-16T00:04:46","modified_gmt":"2024-11-15T23:04:46","slug":"planol","status":"publish","type":"product","link":"https:\/\/somoslegales.es\/ca\/servei\/planol\/","title":{"rendered":"Pl\u00e0nol"},"content":{"rendered":"","protected":false},"excerpt":{"rendered":"<p>Amb aquest servei obtindr\u00e0s un pl\u00e0nol professional en 2D i amb ell una certificaci\u00f3 de superf\u00edcie \u00fatil.<\/p>\n","protected":false},"featured_media":1513,"template":"","meta":[],"product_cat":[117],"product_tag":[114],"class_list":{"0":"post-3884","1":"product","2":"type-product","3":"status-publish","4":"has-post-thumbnail","6":"product_cat-serveis-per-a-immobles","7":"product_tag-pagament","8":"sales-flash-overlay","9":"woocommerce-text-align-center","10":"woocommerce-image-align-center","11":"do-quantity-buttons","13":"first","14":"instock","15":"virtual","16":"taxable","17":"purchasable","18":"product-type-simple"},"yoast_head":"<!-- This site is optimized with the Yoast SEO plugin v23.8 - https:\/\/yoast.com\/wordpress\/plugins\/seo\/ -->\n<title>Pl\u00e0nol - Somos Legales<\/title>\n<meta name=\"description\" content=\"Amb aquest servei obtindr\u00e0s un pl\u00e0nol professional en 2D i amb ell una certificaci\u00f3 de superf\u00edcie \u00fatil.\" \/>\n<meta name=\"robots\" content=\"index, follow, max-snippet:-1, max-image-preview:large, max-video-preview:-1\" \/>\n<link rel=\"canonical\" href=\"https:\/\/somoslegales.es\/ca\/servei\/planol\/\" \/>\n<meta property=\"og:locale\" content=\"ca_ES\" \/>\n<meta property=\"og:type\" content=\"article\" \/>\n<meta property=\"og:title\" content=\"Pl\u00e0nol - Somos Legales\" \/>\n<meta property=\"og:description\" content=\"Amb aquest servei obtindr\u00e0s un pl\u00e0nol professional en 2D i amb ell una certificaci\u00f3 de superf\u00edcie \u00fatil.\" \/>\n<meta property=\"og:url\" content=\"https:\/\/somoslegales.es\/ca\/servei\/planol\/\" \/>\n<meta property=\"og:site_name\" content=\"Somos Legales\" \/>\n<meta property=\"article:modified_time\" content=\"2024-11-15T23:04:46+00:00\" \/>\n<meta property=\"og:image\" content=\"https:\/\/somoslegales.es\/wp-content\/uploads\/2021\/09\/plano.jpg\" \/>\n\t<meta property=\"og:image:width\" content=\"484\" \/>\n\t<meta property=\"og:image:height\" content=\"466\" \/>\n\t<meta property=\"og:image:type\" content=\"image\/jpeg\" \/>\n<meta name=\"twitter:card\" content=\"summary_large_image\" \/>\n<script type=\"application\/ld+json\" class=\"yoast-schema-graph\">{\"@context\":\"https:\/\/schema.org\",\"@graph\":[{\"@type\":\"WebPage\",\"@id\":\"https:\/\/somoslegales.es\/ca\/servei\/planol\/\",\"url\":\"https:\/\/somoslegales.es\/ca\/servei\/planol\/\",\"name\":\"Pl\u00e0nol - Somos Legales\",\"isPartOf\":{\"@id\":\"https:\/\/somoslegales.es\/#website\"},\"primaryImageOfPage\":{\"@id\":\"https:\/\/somoslegales.es\/ca\/servei\/planol\/#primaryimage\"},\"image\":{\"@id\":\"https:\/\/somoslegales.es\/ca\/servei\/planol\/#primaryimage\"},\"thumbnailUrl\":\"https:\/\/somoslegales.es\/wp-content\/uploads\/2021\/09\/plano.jpg\",\"datePublished\":\"2022-01-26T11:38:19+00:00\",\"dateModified\":\"2024-11-15T23:04:46+00:00\",\"description\":\"Amb aquest servei obtindr\u00e0s un pl\u00e0nol professional en 2D i amb ell una certificaci\u00f3 de superf\u00edcie \u00fatil.\",\"breadcrumb\":{\"@id\":\"https:\/\/somoslegales.es\/ca\/servei\/planol\/#breadcrumb\"},\"inLanguage\":\"ca\",\"potentialAction\":[{\"@type\":\"ReadAction\",\"target\":[\"https:\/\/somoslegales.es\/ca\/servei\/planol\/\"]}]},{\"@type\":\"ImageObject\",\"inLanguage\":\"ca\",\"@id\":\"https:\/\/somoslegales.es\/ca\/servei\/planol\/#primaryimage\",\"url\":\"https:\/\/somoslegales.es\/wp-content\/uploads\/2021\/09\/plano.jpg\",\"contentUrl\":\"https:\/\/somoslegales.es\/wp-content\/uploads\/2021\/09\/plano.jpg\",\"width\":484,\"height\":466},{\"@type\":\"BreadcrumbList\",\"@id\":\"https:\/\/somoslegales.es\/ca\/servei\/planol\/#breadcrumb\",\"itemListElement\":[{\"@type\":\"ListItem\",\"position\":1,\"name\":\"Portada\",\"item\":\"https:\/\/somoslegales.es\/\"},{\"@type\":\"ListItem\",\"position\":2,\"name\":\"Botiga\",\"item\":\"https:\/\/somoslegales.es\/ca\/botiga\/\"},{\"@type\":\"ListItem\",\"position\":3,\"name\":\"Pl\u00e0nol\"}]},{\"@type\":\"WebSite\",\"@id\":\"https:\/\/somoslegales.es\/#website\",\"url\":\"https:\/\/somoslegales.es\/\",\"name\":\"Somos Legales\",\"description\":\"Tu inmobiliaria en Barcelona\",\"potentialAction\":[{\"@type\":\"SearchAction\",\"target\":{\"@type\":\"EntryPoint\",\"urlTemplate\":\"https:\/\/somoslegales.es\/?s={search_term_string}\"},\"query-input\":{\"@type\":\"PropertyValueSpecification\",\"valueRequired\":true,\"valueName\":\"search_term_string\"}}],\"inLanguage\":\"ca\"}]}<\/script>\n<!-- \/ Yoast SEO plugin. -->","yoast_head_json":{"title":"Pl\u00e0nol - Somos Legales","description":"Amb aquest servei obtindr\u00e0s un pl\u00e0nol professional en 2D i amb ell una certificaci\u00f3 de superf\u00edcie \u00fatil.","robots":{"index":"index","follow":"follow","max-snippet":"max-snippet:-1","max-image-preview":"max-image-preview:large","max-video-preview":"max-video-preview:-1"},"canonical":"https:\/\/somoslegales.es\/ca\/servei\/planol\/","og_locale":"ca_ES","og_type":"article","og_title":"Pl\u00e0nol - Somos Legales","og_description":"Amb aquest servei obtindr\u00e0s un pl\u00e0nol professional en 2D i amb ell una certificaci\u00f3 de superf\u00edcie \u00fatil.","og_url":"https:\/\/somoslegales.es\/ca\/servei\/planol\/","og_site_name":"Somos Legales","article_modified_time":"2024-11-15T23:04:46+00:00","og_image":[{"width":484,"height":466,"url":"https:\/\/somoslegales.es\/wp-content\/uploads\/2021\/09\/plano.jpg","type":"image\/jpeg"}],"twitter_card":"summary_large_image","schema":{"@context":"https:\/\/schema.org","@graph":[{"@type":"WebPage","@id":"https:\/\/somoslegales.es\/ca\/servei\/planol\/","url":"https:\/\/somoslegales.es\/ca\/servei\/planol\/","name":"Pl\u00e0nol - Somos Legales","isPartOf":{"@id":"https:\/\/somoslegales.es\/#website"},"primaryImageOfPage":{"@id":"https:\/\/somoslegales.es\/ca\/servei\/planol\/#primaryimage"},"image":{"@id":"https:\/\/somoslegales.es\/ca\/servei\/planol\/#primaryimage"},"thumbnailUrl":"https:\/\/somoslegales.es\/wp-content\/uploads\/2021\/09\/plano.jpg","datePublished":"2022-01-26T11:38:19+00:00","dateModified":"2024-11-15T23:04:46+00:00","description":"Amb aquest servei obtindr\u00e0s un pl\u00e0nol professional en 2D i amb ell una certificaci\u00f3 de superf\u00edcie \u00fatil.","breadcrumb":{"@id":"https:\/\/somoslegales.es\/ca\/servei\/planol\/#breadcrumb"},"inLanguage":"ca","potentialAction":[{"@type":"ReadAction","target":["https:\/\/somoslegales.es\/ca\/servei\/planol\/"]}]},{"@type":"ImageObject","inLanguage":"ca","@id":"https:\/\/somoslegales.es\/ca\/servei\/planol\/#primaryimage","url":"https:\/\/somoslegales.es\/wp-content\/uploads\/2021\/09\/plano.jpg","contentUrl":"https:\/\/somoslegales.es\/wp-content\/uploads\/2021\/09\/plano.jpg","width":484,"height":466},{"@type":"BreadcrumbList","@id":"https:\/\/somoslegales.es\/ca\/servei\/planol\/#breadcrumb","itemListElement":[{"@type":"ListItem","position":1,"name":"Portada","item":"https:\/\/somoslegales.es\/"},{"@type":"ListItem","position":2,"name":"Botiga","item":"https:\/\/somoslegales.es\/ca\/botiga\/"},{"@type":"ListItem","position":3,"name":"Pl\u00e0nol"}]},{"@type":"WebSite","@id":"https:\/\/somoslegales.es\/#website","url":"https:\/\/somoslegales.es\/","name":"Somos Legales","description":"Tu inmobiliaria en Barcelona","potentialAction":[{"@type":"SearchAction","target":{"@type":"EntryPoint","urlTemplate":"https:\/\/somoslegales.es\/?s={search_term_string}"},"query-input":{"@type":"PropertyValueSpecification","valueRequired":true,"valueName":"search_term_string"}}],"inLanguage":"ca"}]}},"_links":{"self":[{"href":"https:\/\/somoslegales.es\/ca\/wp-json\/wp\/v2\/product\/3884","targetHints":{"allow":["GET"]}}],"collection":[{"href":"https:\/\/somoslegales.es\/ca\/wp-json\/wp\/v2\/product"}],"about":[{"href":"https:\/\/somoslegales.es\/ca\/wp-json\/wp\/v2\/types\/product"}],"version-history":[{"count":3,"href":"https:\/\/somoslegales.es\/ca\/wp-json\/wp\/v2\/product\/3884\/revisions"}],"predecessor-version":[{"id":4818,"href":"https:\/\/somoslegales.es\/ca\/wp-json\/wp\/v2\/product\/3884\/revisions\/4818"}],"wp:featuredmedia":[{"embeddable":true,"href":"https:\/\/somoslegales.es\/ca\/wp-json\/wp\/v2\/media\/1513"}],"wp:attachment":[{"href":"https:\/\/somoslegales.es\/ca\/wp-json\/wp\/v2\/media?parent=3884"}],"wp:term":[{"taxonomy":"product_cat","embeddable":true,"href":"https:\/\/somoslegales.es\/ca\/wp-json\/wp\/v2\/product_cat?post=3884"},{"taxonomy":"product_tag","embeddable":true,"href":"https:\/\/somoslegales.es\/ca\/wp-json\/wp\/v2\/product_tag?post=3884"}],"curies":[{"name":"wp","href":"https:\/\/api.w.org\/{rel}","templated":true}]}}