{"id":3887,"date":"2021-09-01T12:00:45","date_gmt":"2022-01-26T11:45:49","guid":{"rendered":"https:\/\/somoslegales.es\/servicio\/cedula-dhabitabilitat\/"},"modified":"2025-01-14T12:18:02","modified_gmt":"2025-01-14T11:18:02","slug":"cedula-dhabitabilitat","status":"publish","type":"product","link":"https:\/\/somoslegales.es\/ca\/servei\/cedula-dhabitabilitat\/","title":{"rendered":"C\u00e8dula d&#8217;habitabilitat"},"content":{"rendered":"","protected":false},"excerpt":{"rendered":"<p>Si vols vendre o llogar el teu habitatge, \u00e9s obligatori disposar de la c\u00e8dula d&#8217;habitabilitat. Si no la tens o t&#8217;ha caducat, no et preocupis, nosaltres ens ocupem de tramitar-te-la.<\/p>\n","protected":false},"featured_media":1507,"template":"","meta":[],"product_cat":[117],"product_tag":[114],"class_list":{"0":"post-3887","1":"product","2":"type-product","3":"status-publish","4":"has-post-thumbnail","6":"product_cat-serveis-per-a-immobles","7":"product_tag-pagament","8":"sales-flash-overlay","9":"woocommerce-text-align-center","10":"woocommerce-image-align-center","11":"do-quantity-buttons","13":"first","14":"instock","15":"sale","16":"virtual","17":"taxable","18":"purchasable","19":"product-type-simple"},"yoast_head":"<!-- This site is optimized with the Yoast SEO plugin v23.8 - https:\/\/yoast.com\/wordpress\/plugins\/seo\/ -->\n<title>C\u00e8dula d&#039;habitabilitat - Somos Legales<\/title>\n<meta name=\"description\" content=\"Si vols vendre o llogar el teu pis o casa, \u00e9s obligatori disposar de la c\u00e8dula d&#039;habitabilitat. Nosaltres ens ocupem de tramitar-te-la.\" \/>\n<meta name=\"robots\" content=\"index, follow, max-snippet:-1, max-image-preview:large, max-video-preview:-1\" \/>\n<link rel=\"canonical\" href=\"https:\/\/somoslegales.es\/ca\/servei\/cedula-dhabitabilitat\/\" \/>\n<meta property=\"og:locale\" content=\"ca_ES\" \/>\n<meta property=\"og:type\" content=\"article\" \/>\n<meta property=\"og:title\" content=\"C\u00e8dula d&#039;habitabilitat - Somos Legales\" \/>\n<meta property=\"og:description\" content=\"Si vols vendre o llogar el teu pis o casa, \u00e9s obligatori disposar de la c\u00e8dula d&#039;habitabilitat. Nosaltres ens ocupem de tramitar-te-la.\" \/>\n<meta property=\"og:url\" content=\"https:\/\/somoslegales.es\/ca\/servei\/cedula-dhabitabilitat\/\" \/>\n<meta property=\"og:site_name\" content=\"Somos Legales\" \/>\n<meta property=\"article:modified_time\" content=\"2025-01-14T11:18:02+00:00\" \/>\n<meta property=\"og:image\" content=\"https:\/\/somoslegales.es\/wp-content\/uploads\/2021\/09\/cedula-habitabilidad.jpg\" \/>\n\t<meta property=\"og:image:width\" content=\"484\" \/>\n\t<meta property=\"og:image:height\" content=\"466\" \/>\n\t<meta property=\"og:image:type\" content=\"image\/jpeg\" \/>\n<meta name=\"twitter:card\" content=\"summary_large_image\" \/>\n<script type=\"application\/ld+json\" class=\"yoast-schema-graph\">{\"@context\":\"https:\/\/schema.org\",\"@graph\":[{\"@type\":\"WebPage\",\"@id\":\"https:\/\/somoslegales.es\/ca\/servei\/cedula-dhabitabilitat\/\",\"url\":\"https:\/\/somoslegales.es\/ca\/servei\/cedula-dhabitabilitat\/\",\"name\":\"C\u00e8dula d'habitabilitat - Somos Legales\",\"isPartOf\":{\"@id\":\"https:\/\/somoslegales.es\/#website\"},\"primaryImageOfPage\":{\"@id\":\"https:\/\/somoslegales.es\/ca\/servei\/cedula-dhabitabilitat\/#primaryimage\"},\"image\":{\"@id\":\"https:\/\/somoslegales.es\/ca\/servei\/cedula-dhabitabilitat\/#primaryimage\"},\"thumbnailUrl\":\"https:\/\/somoslegales.es\/wp-content\/uploads\/2021\/09\/cedula-habitabilidad.jpg\",\"datePublished\":\"2022-01-26T11:45:49+00:00\",\"dateModified\":\"2025-01-14T11:18:02+00:00\",\"description\":\"Si vols vendre o llogar el teu pis o casa, \u00e9s obligatori disposar de la c\u00e8dula d'habitabilitat. Nosaltres ens ocupem de tramitar-te-la.\",\"breadcrumb\":{\"@id\":\"https:\/\/somoslegales.es\/ca\/servei\/cedula-dhabitabilitat\/#breadcrumb\"},\"inLanguage\":\"ca\",\"potentialAction\":[{\"@type\":\"ReadAction\",\"target\":[\"https:\/\/somoslegales.es\/ca\/servei\/cedula-dhabitabilitat\/\"]}]},{\"@type\":\"ImageObject\",\"inLanguage\":\"ca\",\"@id\":\"https:\/\/somoslegales.es\/ca\/servei\/cedula-dhabitabilitat\/#primaryimage\",\"url\":\"https:\/\/somoslegales.es\/wp-content\/uploads\/2021\/09\/cedula-habitabilidad.jpg\",\"contentUrl\":\"https:\/\/somoslegales.es\/wp-content\/uploads\/2021\/09\/cedula-habitabilidad.jpg\",\"width\":484,\"height\":466,\"caption\":\"Somos Legales\"},{\"@type\":\"BreadcrumbList\",\"@id\":\"https:\/\/somoslegales.es\/ca\/servei\/cedula-dhabitabilitat\/#breadcrumb\",\"itemListElement\":[{\"@type\":\"ListItem\",\"position\":1,\"name\":\"Portada\",\"item\":\"https:\/\/somoslegales.es\/\"},{\"@type\":\"ListItem\",\"position\":2,\"name\":\"Botiga\",\"item\":\"https:\/\/somoslegales.es\/ca\/botiga\/\"},{\"@type\":\"ListItem\",\"position\":3,\"name\":\"C\u00e8dula d&#8217;habitabilitat\"}]},{\"@type\":\"WebSite\",\"@id\":\"https:\/\/somoslegales.es\/#website\",\"url\":\"https:\/\/somoslegales.es\/\",\"name\":\"Somos Legales\",\"description\":\"Tu inmobiliaria en Barcelona\",\"potentialAction\":[{\"@type\":\"SearchAction\",\"target\":{\"@type\":\"EntryPoint\",\"urlTemplate\":\"https:\/\/somoslegales.es\/?s={search_term_string}\"},\"query-input\":{\"@type\":\"PropertyValueSpecification\",\"valueRequired\":true,\"valueName\":\"search_term_string\"}}],\"inLanguage\":\"ca\"}]}<\/script>\n<!-- \/ Yoast SEO plugin. -->","yoast_head_json":{"title":"C\u00e8dula d'habitabilitat - Somos Legales","description":"Si vols vendre o llogar el teu pis o casa, \u00e9s obligatori disposar de la c\u00e8dula d'habitabilitat. Nosaltres ens ocupem de tramitar-te-la.","robots":{"index":"index","follow":"follow","max-snippet":"max-snippet:-1","max-image-preview":"max-image-preview:large","max-video-preview":"max-video-preview:-1"},"canonical":"https:\/\/somoslegales.es\/ca\/servei\/cedula-dhabitabilitat\/","og_locale":"ca_ES","og_type":"article","og_title":"C\u00e8dula d'habitabilitat - Somos Legales","og_description":"Si vols vendre o llogar el teu pis o casa, \u00e9s obligatori disposar de la c\u00e8dula d'habitabilitat. Nosaltres ens ocupem de tramitar-te-la.","og_url":"https:\/\/somoslegales.es\/ca\/servei\/cedula-dhabitabilitat\/","og_site_name":"Somos Legales","article_modified_time":"2025-01-14T11:18:02+00:00","og_image":[{"width":484,"height":466,"url":"https:\/\/somoslegales.es\/wp-content\/uploads\/2021\/09\/cedula-habitabilidad.jpg","type":"image\/jpeg"}],"twitter_card":"summary_large_image","schema":{"@context":"https:\/\/schema.org","@graph":[{"@type":"WebPage","@id":"https:\/\/somoslegales.es\/ca\/servei\/cedula-dhabitabilitat\/","url":"https:\/\/somoslegales.es\/ca\/servei\/cedula-dhabitabilitat\/","name":"C\u00e8dula d'habitabilitat - Somos Legales","isPartOf":{"@id":"https:\/\/somoslegales.es\/#website"},"primaryImageOfPage":{"@id":"https:\/\/somoslegales.es\/ca\/servei\/cedula-dhabitabilitat\/#primaryimage"},"image":{"@id":"https:\/\/somoslegales.es\/ca\/servei\/cedula-dhabitabilitat\/#primaryimage"},"thumbnailUrl":"https:\/\/somoslegales.es\/wp-content\/uploads\/2021\/09\/cedula-habitabilidad.jpg","datePublished":"2022-01-26T11:45:49+00:00","dateModified":"2025-01-14T11:18:02+00:00","description":"Si vols vendre o llogar el teu pis o casa, \u00e9s obligatori disposar de la c\u00e8dula d'habitabilitat. Nosaltres ens ocupem de tramitar-te-la.","breadcrumb":{"@id":"https:\/\/somoslegales.es\/ca\/servei\/cedula-dhabitabilitat\/#breadcrumb"},"inLanguage":"ca","potentialAction":[{"@type":"ReadAction","target":["https:\/\/somoslegales.es\/ca\/servei\/cedula-dhabitabilitat\/"]}]},{"@type":"ImageObject","inLanguage":"ca","@id":"https:\/\/somoslegales.es\/ca\/servei\/cedula-dhabitabilitat\/#primaryimage","url":"https:\/\/somoslegales.es\/wp-content\/uploads\/2021\/09\/cedula-habitabilidad.jpg","contentUrl":"https:\/\/somoslegales.es\/wp-content\/uploads\/2021\/09\/cedula-habitabilidad.jpg","width":484,"height":466,"caption":"Somos Legales"},{"@type":"BreadcrumbList","@id":"https:\/\/somoslegales.es\/ca\/servei\/cedula-dhabitabilitat\/#breadcrumb","itemListElement":[{"@type":"ListItem","position":1,"name":"Portada","item":"https:\/\/somoslegales.es\/"},{"@type":"ListItem","position":2,"name":"Botiga","item":"https:\/\/somoslegales.es\/ca\/botiga\/"},{"@type":"ListItem","position":3,"name":"C\u00e8dula d&#8217;habitabilitat"}]},{"@type":"WebSite","@id":"https:\/\/somoslegales.es\/#website","url":"https:\/\/somoslegales.es\/","name":"Somos Legales","description":"Tu inmobiliaria en Barcelona","potentialAction":[{"@type":"SearchAction","target":{"@type":"EntryPoint","urlTemplate":"https:\/\/somoslegales.es\/?s={search_term_string}"},"query-input":{"@type":"PropertyValueSpecification","valueRequired":true,"valueName":"search_term_string"}}],"inLanguage":"ca"}]}},"_links":{"self":[{"href":"https:\/\/somoslegales.es\/ca\/wp-json\/wp\/v2\/product\/3887","targetHints":{"allow":["GET"]}}],"collection":[{"href":"https:\/\/somoslegales.es\/ca\/wp-json\/wp\/v2\/product"}],"about":[{"href":"https:\/\/somoslegales.es\/ca\/wp-json\/wp\/v2\/types\/product"}],"version-history":[{"count":4,"href":"https:\/\/somoslegales.es\/ca\/wp-json\/wp\/v2\/product\/3887\/revisions"}],"predecessor-version":[{"id":6663,"href":"https:\/\/somoslegales.es\/ca\/wp-json\/wp\/v2\/product\/3887\/revisions\/6663"}],"wp:featuredmedia":[{"embeddable":true,"href":"https:\/\/somoslegales.es\/ca\/wp-json\/wp\/v2\/media\/1507"}],"wp:attachment":[{"href":"https:\/\/somoslegales.es\/ca\/wp-json\/wp\/v2\/media?parent=3887"}],"wp:term":[{"taxonomy":"product_cat","embeddable":true,"href":"https:\/\/somoslegales.es\/ca\/wp-json\/wp\/v2\/product_cat?post=3887"},{"taxonomy":"product_tag","embeddable":true,"href":"https:\/\/somoslegales.es\/ca\/wp-json\/wp\/v2\/product_tag?post=3887"}],"curies":[{"name":"wp","href":"https:\/\/api.w.org\/{rel}","templated":true}]}}