{"id":3891,"date":"2021-10-13T09:36:54","date_gmt":"2022-01-26T11:50:17","guid":{"rendered":"https:\/\/somoslegales.es\/servicio\/gestio-de-lloguers\/"},"modified":"2024-11-15T00:21:23","modified_gmt":"2024-11-14T23:21:23","slug":"gestio-de-lloguers","status":"publish","type":"product","link":"https:\/\/somoslegales.es\/ca\/servei\/gestio-de-lloguers\/","title":{"rendered":"Gesti\u00f3 de lloguers"},"content":{"rendered":"","protected":false},"excerpt":{"rendered":"<p>Gestionem tot all\u00f2 relacionat amb l&#8217;arrendament dels teus immobles de principi a fi, perqu\u00e8 obtinguis la m\u00e0xima rendibilitat per les teves propietats sense que t&#8217;hagis de preocupar absolutament de res.<\/p>\n","protected":false},"featured_media":2057,"template":"","meta":[],"product_cat":[105],"product_tag":[121],"class_list":{"0":"post-3891","1":"product","2":"type-product","3":"status-publish","4":"has-post-thumbnail","6":"product_cat-sense-categoritzar","7":"product_tag-gestio-de-lloguers","8":"sales-flash-overlay","9":"woocommerce-text-align-center","10":"woocommerce-image-align-center","11":"do-quantity-buttons","13":"first","14":"instock","15":"taxable","16":"shipping-taxable","17":"product-type-simple"},"yoast_head":"<!-- This site is optimized with the Yoast SEO plugin v23.8 - https:\/\/yoast.com\/wordpress\/plugins\/seo\/ -->\n<title>Gesti\u00f3 de lloguers - Somos Legales<\/title>\n<meta name=\"description\" content=\"Gestionem tot all\u00f2 relacionat amb l&#039;arrendament dels teus immobles de principi a fi, perqu\u00e8 obtinguis la m\u00e0xima rendibilitat.\" \/>\n<meta name=\"robots\" content=\"index, follow, max-snippet:-1, max-image-preview:large, max-video-preview:-1\" \/>\n<link rel=\"canonical\" href=\"https:\/\/somoslegales.es\/ca\/servei\/gestio-de-lloguers\/\" \/>\n<meta property=\"og:locale\" content=\"ca_ES\" \/>\n<meta property=\"og:type\" content=\"article\" \/>\n<meta property=\"og:title\" content=\"Gesti\u00f3 de lloguers - Somos Legales\" \/>\n<meta property=\"og:description\" content=\"Gestionem tot all\u00f2 relacionat amb l&#039;arrendament dels teus immobles de principi a fi, perqu\u00e8 obtinguis la m\u00e0xima rendibilitat.\" \/>\n<meta property=\"og:url\" content=\"https:\/\/somoslegales.es\/ca\/servei\/gestio-de-lloguers\/\" \/>\n<meta property=\"og:site_name\" content=\"Somos Legales\" \/>\n<meta property=\"article:modified_time\" content=\"2024-11-14T23:21:23+00:00\" \/>\n<meta property=\"og:image\" content=\"https:\/\/somoslegales.es\/wp-content\/uploads\/2021\/10\/gestion-de-alquileres-destacada-grid.jpg\" \/>\n\t<meta property=\"og:image:width\" content=\"999\" \/>\n\t<meta property=\"og:image:height\" content=\"603\" \/>\n\t<meta property=\"og:image:type\" content=\"image\/jpeg\" \/>\n<meta name=\"twitter:card\" content=\"summary_large_image\" \/>\n<script type=\"application\/ld+json\" class=\"yoast-schema-graph\">{\"@context\":\"https:\/\/schema.org\",\"@graph\":[{\"@type\":\"WebPage\",\"@id\":\"https:\/\/somoslegales.es\/ca\/servei\/gestio-de-lloguers\/\",\"url\":\"https:\/\/somoslegales.es\/ca\/servei\/gestio-de-lloguers\/\",\"name\":\"Gesti\u00f3 de lloguers - Somos Legales\",\"isPartOf\":{\"@id\":\"https:\/\/somoslegales.es\/#website\"},\"primaryImageOfPage\":{\"@id\":\"https:\/\/somoslegales.es\/ca\/servei\/gestio-de-lloguers\/#primaryimage\"},\"image\":{\"@id\":\"https:\/\/somoslegales.es\/ca\/servei\/gestio-de-lloguers\/#primaryimage\"},\"thumbnailUrl\":\"https:\/\/somoslegales.es\/wp-content\/uploads\/2021\/10\/gestion-de-alquileres-destacada-grid.jpg\",\"datePublished\":\"2022-01-26T11:50:17+00:00\",\"dateModified\":\"2024-11-14T23:21:23+00:00\",\"description\":\"Gestionem tot all\u00f2 relacionat amb l'arrendament dels teus immobles de principi a fi, perqu\u00e8 obtinguis la m\u00e0xima rendibilitat.\",\"breadcrumb\":{\"@id\":\"https:\/\/somoslegales.es\/ca\/servei\/gestio-de-lloguers\/#breadcrumb\"},\"inLanguage\":\"ca\",\"potentialAction\":[{\"@type\":\"ReadAction\",\"target\":[\"https:\/\/somoslegales.es\/ca\/servei\/gestio-de-lloguers\/\"]}]},{\"@type\":\"ImageObject\",\"inLanguage\":\"ca\",\"@id\":\"https:\/\/somoslegales.es\/ca\/servei\/gestio-de-lloguers\/#primaryimage\",\"url\":\"https:\/\/somoslegales.es\/wp-content\/uploads\/2021\/10\/gestion-de-alquileres-destacada-grid.jpg\",\"contentUrl\":\"https:\/\/somoslegales.es\/wp-content\/uploads\/2021\/10\/gestion-de-alquileres-destacada-grid.jpg\",\"width\":999,\"height\":603},{\"@type\":\"BreadcrumbList\",\"@id\":\"https:\/\/somoslegales.es\/ca\/servei\/gestio-de-lloguers\/#breadcrumb\",\"itemListElement\":[{\"@type\":\"ListItem\",\"position\":1,\"name\":\"Portada\",\"item\":\"https:\/\/somoslegales.es\/\"},{\"@type\":\"ListItem\",\"position\":2,\"name\":\"Botiga\",\"item\":\"https:\/\/somoslegales.es\/ca\/botiga\/\"},{\"@type\":\"ListItem\",\"position\":3,\"name\":\"Gesti\u00f3 de lloguers\"}]},{\"@type\":\"WebSite\",\"@id\":\"https:\/\/somoslegales.es\/#website\",\"url\":\"https:\/\/somoslegales.es\/\",\"name\":\"Somos Legales\",\"description\":\"Tu inmobiliaria en Barcelona\",\"potentialAction\":[{\"@type\":\"SearchAction\",\"target\":{\"@type\":\"EntryPoint\",\"urlTemplate\":\"https:\/\/somoslegales.es\/?s={search_term_string}\"},\"query-input\":{\"@type\":\"PropertyValueSpecification\",\"valueRequired\":true,\"valueName\":\"search_term_string\"}}],\"inLanguage\":\"ca\"}]}<\/script>\n<!-- \/ Yoast SEO plugin. -->","yoast_head_json":{"title":"Gesti\u00f3 de lloguers - Somos Legales","description":"Gestionem tot all\u00f2 relacionat amb l'arrendament dels teus immobles de principi a fi, perqu\u00e8 obtinguis la m\u00e0xima rendibilitat.","robots":{"index":"index","follow":"follow","max-snippet":"max-snippet:-1","max-image-preview":"max-image-preview:large","max-video-preview":"max-video-preview:-1"},"canonical":"https:\/\/somoslegales.es\/ca\/servei\/gestio-de-lloguers\/","og_locale":"ca_ES","og_type":"article","og_title":"Gesti\u00f3 de lloguers - Somos Legales","og_description":"Gestionem tot all\u00f2 relacionat amb l'arrendament dels teus immobles de principi a fi, perqu\u00e8 obtinguis la m\u00e0xima rendibilitat.","og_url":"https:\/\/somoslegales.es\/ca\/servei\/gestio-de-lloguers\/","og_site_name":"Somos Legales","article_modified_time":"2024-11-14T23:21:23+00:00","og_image":[{"width":999,"height":603,"url":"https:\/\/somoslegales.es\/wp-content\/uploads\/2021\/10\/gestion-de-alquileres-destacada-grid.jpg","type":"image\/jpeg"}],"twitter_card":"summary_large_image","schema":{"@context":"https:\/\/schema.org","@graph":[{"@type":"WebPage","@id":"https:\/\/somoslegales.es\/ca\/servei\/gestio-de-lloguers\/","url":"https:\/\/somoslegales.es\/ca\/servei\/gestio-de-lloguers\/","name":"Gesti\u00f3 de lloguers - Somos Legales","isPartOf":{"@id":"https:\/\/somoslegales.es\/#website"},"primaryImageOfPage":{"@id":"https:\/\/somoslegales.es\/ca\/servei\/gestio-de-lloguers\/#primaryimage"},"image":{"@id":"https:\/\/somoslegales.es\/ca\/servei\/gestio-de-lloguers\/#primaryimage"},"thumbnailUrl":"https:\/\/somoslegales.es\/wp-content\/uploads\/2021\/10\/gestion-de-alquileres-destacada-grid.jpg","datePublished":"2022-01-26T11:50:17+00:00","dateModified":"2024-11-14T23:21:23+00:00","description":"Gestionem tot all\u00f2 relacionat amb l'arrendament dels teus immobles de principi a fi, perqu\u00e8 obtinguis la m\u00e0xima rendibilitat.","breadcrumb":{"@id":"https:\/\/somoslegales.es\/ca\/servei\/gestio-de-lloguers\/#breadcrumb"},"inLanguage":"ca","potentialAction":[{"@type":"ReadAction","target":["https:\/\/somoslegales.es\/ca\/servei\/gestio-de-lloguers\/"]}]},{"@type":"ImageObject","inLanguage":"ca","@id":"https:\/\/somoslegales.es\/ca\/servei\/gestio-de-lloguers\/#primaryimage","url":"https:\/\/somoslegales.es\/wp-content\/uploads\/2021\/10\/gestion-de-alquileres-destacada-grid.jpg","contentUrl":"https:\/\/somoslegales.es\/wp-content\/uploads\/2021\/10\/gestion-de-alquileres-destacada-grid.jpg","width":999,"height":603},{"@type":"BreadcrumbList","@id":"https:\/\/somoslegales.es\/ca\/servei\/gestio-de-lloguers\/#breadcrumb","itemListElement":[{"@type":"ListItem","position":1,"name":"Portada","item":"https:\/\/somoslegales.es\/"},{"@type":"ListItem","position":2,"name":"Botiga","item":"https:\/\/somoslegales.es\/ca\/botiga\/"},{"@type":"ListItem","position":3,"name":"Gesti\u00f3 de lloguers"}]},{"@type":"WebSite","@id":"https:\/\/somoslegales.es\/#website","url":"https:\/\/somoslegales.es\/","name":"Somos Legales","description":"Tu inmobiliaria en Barcelona","potentialAction":[{"@type":"SearchAction","target":{"@type":"EntryPoint","urlTemplate":"https:\/\/somoslegales.es\/?s={search_term_string}"},"query-input":{"@type":"PropertyValueSpecification","valueRequired":true,"valueName":"search_term_string"}}],"inLanguage":"ca"}]}},"_links":{"self":[{"href":"https:\/\/somoslegales.es\/ca\/wp-json\/wp\/v2\/product\/3891","targetHints":{"allow":["GET"]}}],"collection":[{"href":"https:\/\/somoslegales.es\/ca\/wp-json\/wp\/v2\/product"}],"about":[{"href":"https:\/\/somoslegales.es\/ca\/wp-json\/wp\/v2\/types\/product"}],"version-history":[{"count":5,"href":"https:\/\/somoslegales.es\/ca\/wp-json\/wp\/v2\/product\/3891\/revisions"}],"predecessor-version":[{"id":6613,"href":"https:\/\/somoslegales.es\/ca\/wp-json\/wp\/v2\/product\/3891\/revisions\/6613"}],"wp:featuredmedia":[{"embeddable":true,"href":"https:\/\/somoslegales.es\/ca\/wp-json\/wp\/v2\/media\/2057"}],"wp:attachment":[{"href":"https:\/\/somoslegales.es\/ca\/wp-json\/wp\/v2\/media?parent=3891"}],"wp:term":[{"taxonomy":"product_cat","embeddable":true,"href":"https:\/\/somoslegales.es\/ca\/wp-json\/wp\/v2\/product_cat?post=3891"},{"taxonomy":"product_tag","embeddable":true,"href":"https:\/\/somoslegales.es\/ca\/wp-json\/wp\/v2\/product_tag?post=3891"}],"curies":[{"name":"wp","href":"https:\/\/api.w.org\/{rel}","templated":true}]}}