{"id":4106,"date":"2021-09-01T09:00:14","date_gmt":"2021-09-01T07:00:14","guid":{"rendered":"https:\/\/somoslegales.es\/servicio\/ite\/"},"modified":"2022-02-08T16:30:07","modified_gmt":"2022-02-08T15:30:07","slug":"ite","status":"publish","type":"product","link":"https:\/\/somoslegales.es\/ca\/servei\/ite\/","title":{"rendered":"ITE"},"content":{"rendered":"","protected":false},"excerpt":{"rendered":"<p>La Inspecci\u00f3 T\u00e8cnica dels Edificis d&#8217;habitatges (ITE) consisteix en una inspecci\u00f3 visual de l&#8217;edifici feta per un t\u00e8cnic competent que t\u00e9 per objecte determinar-ne l&#8217;estat en el moment de la inspecci\u00f3 i orientar la propietat en les actuacions a realitzar per complir el deure de conservaci\u00f3 i manteniment.<\/p>\n","protected":false},"featured_media":1515,"template":"","meta":[],"product_cat":[117],"product_tag":[113],"class_list":{"0":"post-4106","1":"product","2":"type-product","3":"status-publish","4":"has-post-thumbnail","6":"product_cat-serveis-per-a-immobles","7":"product_tag-variable-ca","8":"sales-flash-overlay","9":"woocommerce-text-align-center","10":"woocommerce-image-align-center","11":"do-quantity-buttons","13":"first","14":"instock","15":"taxable","16":"shipping-taxable","17":"purchasable","18":"product-type-variable"},"yoast_head":"<!-- This site is optimized with the Yoast SEO plugin v23.8 - https:\/\/yoast.com\/wordpress\/plugins\/seo\/ -->\n<title>ITE - Somos Legales<\/title>\n<meta name=\"robots\" content=\"index, follow, max-snippet:-1, max-image-preview:large, max-video-preview:-1\" \/>\n<link rel=\"canonical\" href=\"https:\/\/somoslegales.es\/ca\/servei\/ite\/\" \/>\n<meta property=\"og:locale\" content=\"ca_ES\" \/>\n<meta property=\"og:type\" content=\"article\" \/>\n<meta property=\"og:title\" content=\"ITE - Somos Legales\" \/>\n<meta property=\"og:description\" content=\"La Inspecci\u00f3 T\u00e8cnica dels Edificis d&#039;habitatges (ITE) consisteix en una inspecci\u00f3 visual de l&#039;edifici feta per un t\u00e8cnic competent que t\u00e9 per objecte determinar-ne l&#039;estat en el moment de la inspecci\u00f3 i orientar la propietat en les actuacions a realitzar per complir el deure de conservaci\u00f3 i manteniment.\" \/>\n<meta property=\"og:url\" content=\"https:\/\/somoslegales.es\/ca\/servei\/ite\/\" \/>\n<meta property=\"og:site_name\" content=\"Somos Legales\" \/>\n<meta property=\"article:modified_time\" content=\"2022-02-08T15:30:07+00:00\" \/>\n<meta property=\"og:image\" content=\"https:\/\/somoslegales.es\/wp-content\/uploads\/2021\/09\/ite.jpg\" \/>\n\t<meta property=\"og:image:width\" content=\"484\" \/>\n\t<meta property=\"og:image:height\" content=\"466\" \/>\n\t<meta property=\"og:image:type\" content=\"image\/jpeg\" \/>\n<meta name=\"twitter:card\" content=\"summary_large_image\" \/>\n<script type=\"application\/ld+json\" class=\"yoast-schema-graph\">{\"@context\":\"https:\/\/schema.org\",\"@graph\":[{\"@type\":\"WebPage\",\"@id\":\"https:\/\/somoslegales.es\/ca\/servei\/ite\/\",\"url\":\"https:\/\/somoslegales.es\/ca\/servei\/ite\/\",\"name\":\"ITE - Somos Legales\",\"isPartOf\":{\"@id\":\"https:\/\/somoslegales.es\/#website\"},\"primaryImageOfPage\":{\"@id\":\"https:\/\/somoslegales.es\/ca\/servei\/ite\/#primaryimage\"},\"image\":{\"@id\":\"https:\/\/somoslegales.es\/ca\/servei\/ite\/#primaryimage\"},\"thumbnailUrl\":\"https:\/\/somoslegales.es\/wp-content\/uploads\/2021\/09\/ite.jpg\",\"datePublished\":\"2021-09-01T07:00:14+00:00\",\"dateModified\":\"2022-02-08T15:30:07+00:00\",\"breadcrumb\":{\"@id\":\"https:\/\/somoslegales.es\/ca\/servei\/ite\/#breadcrumb\"},\"inLanguage\":\"ca\",\"potentialAction\":[{\"@type\":\"ReadAction\",\"target\":[\"https:\/\/somoslegales.es\/ca\/servei\/ite\/\"]}]},{\"@type\":\"ImageObject\",\"inLanguage\":\"ca\",\"@id\":\"https:\/\/somoslegales.es\/ca\/servei\/ite\/#primaryimage\",\"url\":\"https:\/\/somoslegales.es\/wp-content\/uploads\/2021\/09\/ite.jpg\",\"contentUrl\":\"https:\/\/somoslegales.es\/wp-content\/uploads\/2021\/09\/ite.jpg\",\"width\":484,\"height\":466},{\"@type\":\"BreadcrumbList\",\"@id\":\"https:\/\/somoslegales.es\/ca\/servei\/ite\/#breadcrumb\",\"itemListElement\":[{\"@type\":\"ListItem\",\"position\":1,\"name\":\"Portada\",\"item\":\"https:\/\/somoslegales.es\/\"},{\"@type\":\"ListItem\",\"position\":2,\"name\":\"Botiga\",\"item\":\"https:\/\/somoslegales.es\/ca\/botiga\/\"},{\"@type\":\"ListItem\",\"position\":3,\"name\":\"ITE\"}]},{\"@type\":\"WebSite\",\"@id\":\"https:\/\/somoslegales.es\/#website\",\"url\":\"https:\/\/somoslegales.es\/\",\"name\":\"Somos Legales\",\"description\":\"Tu inmobiliaria en Barcelona\",\"potentialAction\":[{\"@type\":\"SearchAction\",\"target\":{\"@type\":\"EntryPoint\",\"urlTemplate\":\"https:\/\/somoslegales.es\/?s={search_term_string}\"},\"query-input\":{\"@type\":\"PropertyValueSpecification\",\"valueRequired\":true,\"valueName\":\"search_term_string\"}}],\"inLanguage\":\"ca\"}]}<\/script>\n<!-- \/ Yoast SEO plugin. -->","yoast_head_json":{"title":"ITE - Somos Legales","robots":{"index":"index","follow":"follow","max-snippet":"max-snippet:-1","max-image-preview":"max-image-preview:large","max-video-preview":"max-video-preview:-1"},"canonical":"https:\/\/somoslegales.es\/ca\/servei\/ite\/","og_locale":"ca_ES","og_type":"article","og_title":"ITE - Somos Legales","og_description":"La Inspecci\u00f3 T\u00e8cnica dels Edificis d'habitatges (ITE) consisteix en una inspecci\u00f3 visual de l'edifici feta per un t\u00e8cnic competent que t\u00e9 per objecte determinar-ne l'estat en el moment de la inspecci\u00f3 i orientar la propietat en les actuacions a realitzar per complir el deure de conservaci\u00f3 i manteniment.","og_url":"https:\/\/somoslegales.es\/ca\/servei\/ite\/","og_site_name":"Somos Legales","article_modified_time":"2022-02-08T15:30:07+00:00","og_image":[{"width":484,"height":466,"url":"https:\/\/somoslegales.es\/wp-content\/uploads\/2021\/09\/ite.jpg","type":"image\/jpeg"}],"twitter_card":"summary_large_image","schema":{"@context":"https:\/\/schema.org","@graph":[{"@type":"WebPage","@id":"https:\/\/somoslegales.es\/ca\/servei\/ite\/","url":"https:\/\/somoslegales.es\/ca\/servei\/ite\/","name":"ITE - Somos Legales","isPartOf":{"@id":"https:\/\/somoslegales.es\/#website"},"primaryImageOfPage":{"@id":"https:\/\/somoslegales.es\/ca\/servei\/ite\/#primaryimage"},"image":{"@id":"https:\/\/somoslegales.es\/ca\/servei\/ite\/#primaryimage"},"thumbnailUrl":"https:\/\/somoslegales.es\/wp-content\/uploads\/2021\/09\/ite.jpg","datePublished":"2021-09-01T07:00:14+00:00","dateModified":"2022-02-08T15:30:07+00:00","breadcrumb":{"@id":"https:\/\/somoslegales.es\/ca\/servei\/ite\/#breadcrumb"},"inLanguage":"ca","potentialAction":[{"@type":"ReadAction","target":["https:\/\/somoslegales.es\/ca\/servei\/ite\/"]}]},{"@type":"ImageObject","inLanguage":"ca","@id":"https:\/\/somoslegales.es\/ca\/servei\/ite\/#primaryimage","url":"https:\/\/somoslegales.es\/wp-content\/uploads\/2021\/09\/ite.jpg","contentUrl":"https:\/\/somoslegales.es\/wp-content\/uploads\/2021\/09\/ite.jpg","width":484,"height":466},{"@type":"BreadcrumbList","@id":"https:\/\/somoslegales.es\/ca\/servei\/ite\/#breadcrumb","itemListElement":[{"@type":"ListItem","position":1,"name":"Portada","item":"https:\/\/somoslegales.es\/"},{"@type":"ListItem","position":2,"name":"Botiga","item":"https:\/\/somoslegales.es\/ca\/botiga\/"},{"@type":"ListItem","position":3,"name":"ITE"}]},{"@type":"WebSite","@id":"https:\/\/somoslegales.es\/#website","url":"https:\/\/somoslegales.es\/","name":"Somos Legales","description":"Tu inmobiliaria en Barcelona","potentialAction":[{"@type":"SearchAction","target":{"@type":"EntryPoint","urlTemplate":"https:\/\/somoslegales.es\/?s={search_term_string}"},"query-input":{"@type":"PropertyValueSpecification","valueRequired":true,"valueName":"search_term_string"}}],"inLanguage":"ca"}]}},"_links":{"self":[{"href":"https:\/\/somoslegales.es\/ca\/wp-json\/wp\/v2\/product\/4106","targetHints":{"allow":["GET"]}}],"collection":[{"href":"https:\/\/somoslegales.es\/ca\/wp-json\/wp\/v2\/product"}],"about":[{"href":"https:\/\/somoslegales.es\/ca\/wp-json\/wp\/v2\/types\/product"}],"version-history":[{"count":1,"href":"https:\/\/somoslegales.es\/ca\/wp-json\/wp\/v2\/product\/4106\/revisions"}],"predecessor-version":[{"id":4819,"href":"https:\/\/somoslegales.es\/ca\/wp-json\/wp\/v2\/product\/4106\/revisions\/4819"}],"wp:featuredmedia":[{"embeddable":true,"href":"https:\/\/somoslegales.es\/ca\/wp-json\/wp\/v2\/media\/1515"}],"wp:attachment":[{"href":"https:\/\/somoslegales.es\/ca\/wp-json\/wp\/v2\/media?parent=4106"}],"wp:term":[{"taxonomy":"product_cat","embeddable":true,"href":"https:\/\/somoslegales.es\/ca\/wp-json\/wp\/v2\/product_cat?post=4106"},{"taxonomy":"product_tag","embeddable":true,"href":"https:\/\/somoslegales.es\/ca\/wp-json\/wp\/v2\/product_tag?post=4106"}],"curies":[{"name":"wp","href":"https:\/\/api.w.org\/{rel}","templated":true}]}}